{"id":62,"date":"2020-05-18T06:13:09","date_gmt":"2020-05-18T06:13:09","guid":{"rendered":"https:\/\/demo.keonthemes.com\/gutener\/demo3\/?page_id=86"},"modified":"2022-05-30T16:11:54","modified_gmt":"2022-05-30T16:11:54","slug":"empresa","status":"publish","type":"page","link":"https:\/\/animaltech.com.uy\/sitio\/empresa\/","title":{"rendered":"Empresa"},"content":{"rendered":"\n<section id=\"gm1333968\" class=\"wp-block-gutentor-m2 section-gm1333968 gutentor-module gutentor-dynamic-columns gutentor-bshape-fv g-pos-r-desktop g-pos-r-tablet g-pos-r-mobile g-pos-custom-desktop g-pos-custom-tablet g-pos-custom-mobile gutentor-equal-column-height\"><div class=\"grid-container\"><div class=\"grid-row\">\n<div id=\"col-gm9bdfc8\" class=\"wp-block-gutentor-m2-col col-gm9bdfc8 gutentor-module gutentor-dynamic-single-column grid-lg-6 grid-md-6 grid-12\"><div id=\"section-gm9bdfc8\" class=\"section-gm9bdfc8 gutentor-single-col has-image-bg has-custom-bg\">\n<div id=\"section-g3850ac\" class=\"wp-block-gutentor-e11 section-g3850ac gutentor-element gutentor-element-video-popup gutentor-enable-ripple gutentor-enable-animation text-align-center-desktop text-align-center-tablet text-align-center-mobile\"><div class=\"gutentor-element-video-popup-wrap\"><a class=\"gutentor-video-popup-holder\" href=\"https:\/\/www.youtube.com\/watch?v=2rchbgNFQ_E\"><span class=\"video-popup-icon-box\"><i class=\"fas fa-play\"><\/i><\/span><\/a><\/div><\/div>\n<\/div><\/div>\n\n\n\n<div id=\"col-gm4c4e48\" class=\"wp-block-gutentor-m2-col col-gm4c4e48 gutentor-module gutentor-dynamic-single-column grid-lg-6 grid-md-6 grid-12\"><div id=\"section-gm4c4e48\" class=\"section-gm4c4e48 gutentor-single-col\">\n<div id=\"section-gc8f51a\" class=\"wp-block-gutentor-e1 section-gc8f51a gutentor-element gutentor-element-advanced-text gutentor-width-enabled enable-title-design text-align-left-desktop text-align-left-tablet text-align-left-mobile\"><div class=\"gutentor-text-wrap divider-left\"><div class=\"gutentor-separator gutentor-separator-before border-solid\"><\/div><span class=\"gutentor-text\"> EMPRESA <\/span><\/div><\/div>\n\n\n\n<div id=\"section-gdb26bd\" class=\"wp-block-gutentor-e1 section-gdb26bd gutentor-element gutentor-element-advanced-text text-align-left-desktop text-align-left-tablet text-align-left-mobile\"><div class=\"gutentor-text-wrap\"><p class=\"gutentor-text\"><br><br><strong>Animaltech<\/strong> empresa representante de la marca MSD animal health inteligencie y su l\u00ednea Allflex Livestock Inteligence , empresas lideres en tecnolog\u00edas de precisi\u00f3n&nbsp; para&nbsp; la producci\u00f3n agropecuaria. brindamos soluciones de altas tecnolog\u00edas y equipamiento para la producci\u00f3n intensiva de su establecimiento.<\/p><\/div><\/div>\n<\/div><\/div>\n<\/div><\/div><\/section>\n\n\n\n<figure class=\"wp-block-gallery has-nested-images columns-default is-cropped wp-block-gallery-1 is-layout-flex wp-block-gallery-is-layout-flex\">\n<figure class=\"wp-block-image size-large\"><img loading=\"lazy\" decoding=\"async\" width=\"700\" height=\"255\" data-id=\"296\" src=\"https:\/\/animaltech.com.uy\/sitio\/wp-content\/uploads\/2022\/04\/27-700x255.png\" alt=\"\" class=\"wp-image-296\" srcset=\"https:\/\/animaltech.com.uy\/sitio\/wp-content\/uploads\/2022\/04\/27-700x255.png 700w, https:\/\/animaltech.com.uy\/sitio\/wp-content\/uploads\/2022\/04\/27-300x109.png 300w, https:\/\/animaltech.com.uy\/sitio\/wp-content\/uploads\/2022\/04\/27-768x280.png 768w, https:\/\/animaltech.com.uy\/sitio\/wp-content\/uploads\/2022\/04\/27-1536x560.png 1536w, https:\/\/animaltech.com.uy\/sitio\/wp-content\/uploads\/2022\/04\/27.png 1913w\" sizes=\"auto, (max-width: 700px) 100vw, 700px\" \/><\/figure>\n\n\n\n<figure class=\"wp-block-image size-large\"><img loading=\"lazy\" decoding=\"async\" width=\"700\" height=\"269\" data-id=\"295\" src=\"https:\/\/animaltech.com.uy\/sitio\/wp-content\/uploads\/2022\/04\/14-1-700x269.png\" alt=\"\" class=\"wp-image-295\" srcset=\"https:\/\/animaltech.com.uy\/sitio\/wp-content\/uploads\/2022\/04\/14-1-700x269.png 700w, https:\/\/animaltech.com.uy\/sitio\/wp-content\/uploads\/2022\/04\/14-1-300x115.png 300w, https:\/\/animaltech.com.uy\/sitio\/wp-content\/uploads\/2022\/04\/14-1-768x295.png 768w, https:\/\/animaltech.com.uy\/sitio\/wp-content\/uploads\/2022\/04\/14-1-1536x590.png 1536w, https:\/\/animaltech.com.uy\/sitio\/wp-content\/uploads\/2022\/04\/14-1.png 1904w\" sizes=\"auto, (max-width: 700px) 100vw, 700px\" \/><\/figure>\n\n\n\n<figure class=\"wp-block-image size-large\"><img loading=\"lazy\" decoding=\"async\" width=\"700\" height=\"260\" data-id=\"297\" src=\"https:\/\/animaltech.com.uy\/sitio\/wp-content\/uploads\/2022\/04\/29-1-700x260.png\" alt=\"\" class=\"wp-image-297\" srcset=\"https:\/\/animaltech.com.uy\/sitio\/wp-content\/uploads\/2022\/04\/29-1-700x260.png 700w, https:\/\/animaltech.com.uy\/sitio\/wp-content\/uploads\/2022\/04\/29-1-300x112.png 300w, https:\/\/animaltech.com.uy\/sitio\/wp-content\/uploads\/2022\/04\/29-1-768x286.png 768w, https:\/\/animaltech.com.uy\/sitio\/wp-content\/uploads\/2022\/04\/29-1-1536x572.png 1536w, https:\/\/animaltech.com.uy\/sitio\/wp-content\/uploads\/2022\/04\/29-1.png 1900w\" sizes=\"auto, (max-width: 700px) 100vw, 700px\" \/><\/figure>\n<\/figure>\n\n\n\n<section id=\"gm2c3d420\" class=\"wp-block-gutentor-m0 section-gm2c3d420 gutentor-module gutentor-module-carousel\"><div class=\"grid-container\"><div class=\"gutentor-module-carousel-row\" data-dots=\"false\" data-dotstablet=\"false\" data-dotsmobile=\"false\" data-arrows=\"false\" data-arrowstablet=\"false\" data-arrowsmobile=\"false\" data-infinite=\"true\" data-autoplay=\"true\" data-draggable=\"true\" data-pauseonfocus=\"true\" data-pauseonhover=\"true\" data-autoplayspeed=\"3000\" data-cmondesktop=\"false\" data-cmontablet=\"false\" data-cmonmobile=\"false\" data-nextarrow=\"fas fa-angle-right\" data-prevarrow=\"fas fa-angle-left\" data-arrowspositiondesktop=\"gutentor-slick-a-default-desktop\" data-arrowspositiontablet=\"gutentor-slick-a-default-tablet\" data-arrowspositionmobile=\"gutentor-slick-a-default-mobile\" data-speed=\"300\" data-slideitemdesktop=\"5\" data-slideitemtablet=\"3\" data-slideitemmobile=\"2\" data-slidescroll-desktop=\"1\" data-slidescroll-tablet=\"3\" data-slidescroll-mobile=\"2\">\n<div id=\"col-gm504d3d\" class=\"wp-block-gutentor-m0-col col-gm504d3d gutentor-carousel-item\"><div id=\"section-gm504d3d\" class=\"section-gm504d3d gutentor-col-wrap\">\n<div id=\"section-g561164\" class=\"wp-block-gutentor-e6 section-g561164 gutentor-element gutentor-element-image\"><div class=\"gutentor-element-image-box\"><div class=\"gutentor-image-thumb\"><img decoding=\"async\" class=\"normal-image\" src=\"https:\/\/animaltech.com.uy\/sitio\/wp-content\/uploads\/2022\/04\/animal_logo-150x68.png\"\/><\/div><\/div><\/div>\n<\/div><\/div>\n\n\n\n<div id=\"col-gm539315\" class=\"wp-block-gutentor-m0-col col-gm539315 gutentor-carousel-item\"><div id=\"section-gm539315\" class=\"section-gm539315 gutentor-col-wrap\">\n<div id=\"section-gc3d3fd\" class=\"wp-block-gutentor-e6 section-gc3d3fd gutentor-element gutentor-element-image\"><div class=\"gutentor-element-image-box\"><div class=\"gutentor-image-thumb\"><img decoding=\"async\" class=\"normal-image\" src=\"https:\/\/animaltech.com.uy\/sitio\/wp-content\/uploads\/2022\/04\/alflex_logo.png\"\/><\/div><\/div><\/div>\n<\/div><\/div>\n\n\n\n<div id=\"col-gm07992b\" class=\"wp-block-gutentor-m0-col col-gm07992b gutentor-carousel-item\"><div id=\"section-gm07992b\" class=\"section-gm07992b gutentor-col-wrap\">\n<div id=\"section-g6c89c4\" class=\"wp-block-gutentor-e6 section-g6c89c4 gutentor-element gutentor-element-image\"><div class=\"gutentor-element-image-box\"><div class=\"gutentor-image-thumb\"><img decoding=\"async\" class=\"normal-image\" src=\"https:\/\/animaltech.com.uy\/sitio\/wp-content\/uploads\/2022\/05\/msd_logo2-150x683-1.png\"\/><\/div><\/div><\/div>\n<\/div><\/div>\n\n\n\n<div id=\"col-gm5b4e74\" class=\"wp-block-gutentor-m0-col col-gm5b4e74 gutentor-carousel-item\"><div id=\"section-gm5b4e74\" class=\"section-gm5b4e74 gutentor-col-wrap\">\n<div id=\"section-gf8ec59\" class=\"wp-block-gutentor-e6 section-gf8ec59 gutentor-element gutentor-element-image\"><div class=\"gutentor-element-image-box\"><div class=\"gutentor-image-thumb\"><img decoding=\"async\" class=\"normal-image\" src=\"https:\/\/animaltech.com.uy\/sitio\/wp-content\/uploads\/2022\/04\/animal_logo-150x68.png\"\/><\/div><\/div><\/div>\n<\/div><\/div>\n\n\n\n<div id=\"col-gm9bf7d6\" class=\"wp-block-gutentor-m0-col col-gm9bf7d6 gutentor-carousel-item\"><div id=\"section-gm9bf7d6\" class=\"section-gm9bf7d6 gutentor-col-wrap\">\n<div id=\"section-g0a03be\" class=\"wp-block-gutentor-e6 section-g0a03be gutentor-element gutentor-element-image\"><div class=\"gutentor-element-image-box\"><div class=\"gutentor-image-thumb\"><img decoding=\"async\" class=\"normal-image\" src=\"https:\/\/animaltech.com.uy\/sitio\/wp-content\/uploads\/2022\/04\/alflex_logo.png\"\/><\/div><\/div><\/div>\n<\/div><\/div>\n\n\n\n<div id=\"col-gmf2880f\" class=\"wp-block-gutentor-m0-col col-gmf2880f gutentor-carousel-item\"><div id=\"section-gmf2880f\" class=\"section-gmf2880f gutentor-col-wrap\">\n<div id=\"section-gb2244b\" class=\"wp-block-gutentor-e6 section-gb2244b gutentor-element gutentor-element-image\"><div class=\"gutentor-element-image-box\"><div class=\"gutentor-image-thumb\"><img decoding=\"async\" class=\"normal-image\" src=\"https:\/\/animaltech.com.uy\/sitio\/wp-content\/uploads\/2022\/05\/msd_logo2-150x683-1.png\"\/><\/div><\/div><\/div>\n<\/div><\/div>\n\n\n\n<div id=\"col-gm038a2d\" class=\"wp-block-gutentor-m0-col col-gm038a2d gutentor-carousel-item\"><div id=\"section-gm038a2d\" class=\"section-gm038a2d gutentor-col-wrap\">\n<div id=\"section-gf35778\" class=\"wp-block-gutentor-e6 section-gf35778 gutentor-element gutentor-element-image\"><div class=\"gutentor-element-image-box\"><div class=\"gutentor-image-thumb\"><img decoding=\"async\" class=\"normal-image\" src=\"https:\/\/animaltech.com.uy\/sitio\/wp-content\/uploads\/2022\/04\/animal_logo-150x68.png\"\/><\/div><\/div><\/div>\n<\/div><\/div>\n\n\n\n<div id=\"col-gm89c889\" class=\"wp-block-gutentor-m0-col col-gm89c889 gutentor-carousel-item\"><div id=\"section-gm89c889\" class=\"section-gm89c889 gutentor-col-wrap\">\n<div id=\"section-g4c2bb7\" class=\"wp-block-gutentor-e6 section-g4c2bb7 gutentor-element gutentor-element-image\"><div class=\"gutentor-element-image-box\"><div class=\"gutentor-image-thumb\"><img decoding=\"async\" class=\"normal-image\" src=\"https:\/\/animaltech.com.uy\/sitio\/wp-content\/uploads\/2022\/04\/alflex_logo.png\"\/><\/div><\/div><\/div>\n<\/div><\/div>\n\n\n\n<div id=\"col-gma499f4\" class=\"wp-block-gutentor-m0-col col-gma499f4 gutentor-carousel-item\"><div id=\"section-gma499f4\" class=\"section-gma499f4 gutentor-col-wrap\">\n<div id=\"section-gc5cf44\" class=\"wp-block-gutentor-e6 section-gc5cf44 gutentor-element gutentor-element-image\"><div class=\"gutentor-element-image-box\"><div class=\"gutentor-image-thumb\"><img decoding=\"async\" class=\"normal-image\" src=\"https:\/\/animaltech.com.uy\/sitio\/wp-content\/uploads\/2022\/05\/msd_logo2-150x683-1.png\"\/><\/div><\/div><\/div>\n<\/div><\/div>\n\n\n\n<div id=\"col-gm04c72c\" class=\"wp-block-gutentor-m0-col col-gm04c72c gutentor-carousel-item\"><div id=\"section-gm04c72c\" class=\"section-gm04c72c gutentor-col-wrap\">\n<div id=\"section-g525ea3\" class=\"wp-block-gutentor-e6 section-g525ea3 gutentor-element gutentor-element-image section-g914891\"><div class=\"gutentor-element-image-box\"><div class=\"gutentor-image-thumb\"><img decoding=\"async\" class=\"normal-image\" src=\"https:\/\/animaltech.com.uy\/sitio\/wp-content\/uploads\/2022\/04\/alflex_logo.png\"\/><\/div><\/div><\/div>\n<\/div><\/div>\n<\/div><\/div><\/section>\n","protected":false},"excerpt":{"rendered":"","protected":false},"author":1,"featured_media":0,"parent":0,"menu_order":0,"comment_status":"closed","ping_status":"closed","template":"template-gutentor-full-width.php","meta":{"footnotes":""},"class_list":["post-62","page","type-page","status-publish","hentry"],"_links":{"self":[{"href":"https:\/\/animaltech.com.uy\/sitio\/wp-json\/wp\/v2\/pages\/62","targetHints":{"allow":["GET"]}}],"collection":[{"href":"https:\/\/animaltech.com.uy\/sitio\/wp-json\/wp\/v2\/pages"}],"about":[{"href":"https:\/\/animaltech.com.uy\/sitio\/wp-json\/wp\/v2\/types\/page"}],"author":[{"embeddable":true,"href":"https:\/\/animaltech.com.uy\/sitio\/wp-json\/wp\/v2\/users\/1"}],"replies":[{"embeddable":true,"href":"https:\/\/animaltech.com.uy\/sitio\/wp-json\/wp\/v2\/comments?post=62"}],"version-history":[{"count":19,"href":"https:\/\/animaltech.com.uy\/sitio\/wp-json\/wp\/v2\/pages\/62\/revisions"}],"predecessor-version":[{"id":584,"href":"https:\/\/animaltech.com.uy\/sitio\/wp-json\/wp\/v2\/pages\/62\/revisions\/584"}],"wp:attachment":[{"href":"https:\/\/animaltech.com.uy\/sitio\/wp-json\/wp\/v2\/media?parent=62"}],"curies":[{"name":"wp","href":"https:\/\/api.w.org\/{rel}","templated":true}]}}