{"id":60,"date":"2020-05-18T06:13:39","date_gmt":"2020-05-18T06:13:39","guid":{"rendered":"https:\/\/demo.keonthemes.com\/gutener\/demo3\/?page_id=87"},"modified":"2022-05-25T14:11:05","modified_gmt":"2022-05-25T14:11:05","slug":"soluciones","status":"publish","type":"page","link":"https:\/\/animaltech.com.uy\/sitio\/soluciones\/","title":{"rendered":"Soluciones"},"content":{"rendered":"\n<section id=\"gmbe3ba85\" class=\"wp-block-gutentor-m3 section-gmbe3ba85 gutentor-module gutentor-container-cover has-color-bg has-custom-bg gutentor-tshape-fv\"><div class=\"grid-container\">\n<div id=\"section-g01be3b\" class=\"wp-block-gutentor-e1 section-g01be3b gutentor-element gutentor-element-advanced-text gutentor-width-enabled enable-title-design gutentor-adv-text-enabled-width text-align-center-desktop text-align-center-tablet text-align-center-mobile adv-text-c-mobile\"><div class=\"gutentor-text-wrap divider-left-right\"><div class=\"gutentor-separator gutentor-separator-before border-solid\"><\/div><span class=\"gutentor-text\">SOLUCIONES<\/span><div class=\"gutentor-separator gutentor-separator-after border-solid\"><\/div><\/div><\/div>\n\n\n\n<div id=\"section-gcea53c\" class=\"wp-block-gutentor-e1 section-gcea53c gutentor-element gutentor-element-advanced-text text-align-center-desktop text-align-center-tablet text-align-center-mobile\"><div class=\"gutentor-text-wrap\"><h2 class=\"gutentor-text\"> Soluciones a; <\/h2><\/div><\/div>\n<\/div><\/section>\n\n\n\n<section id=\"gm4df19d6\" class=\"wp-block-gutentor-m2 section-gm4df19d6 gutentor-module gutentor-dynamic-columns has-gutentor-overlay\"><div class=\"grid-container\"><div class=\"grid-row\">\n<div id=\"col-gme16cbe\" class=\"wp-block-gutentor-m2-col col-gme16cbe gutentor-module gutentor-dynamic-single-column grid-lg-4 grid-md-6 grid-12\"><div id=\"section-gme16cbe\" class=\"section-gme16cbe gutentor-single-col has-color-bg has-custom-bg\">\n<div id=\"section-g653829\" class=\"wp-block-gutentor-e6 section-g653829 gutentor-element gutentor-element-image text-align-center-desktop text-align-center-mobile\"><div class=\"gutentor-element-image-box\"><div class=\"gutentor-image-thumb\"><img decoding=\"async\" class=\"normal-image\" src=\"https:\/\/animaltech.com.uy\/sitio\/wp-content\/uploads\/2022\/05\/vaca-icon3.png\"\/><\/div><\/div><\/div>\n\n\n\n<div id=\"section-gdb2222\" class=\"wp-block-gutentor-e1 section-gdb2222 gutentor-element gutentor-element-advanced-text text-align-center-desktop text-align-center-tablet text-align-center-mobile\"><div class=\"gutentor-text-wrap\"><a class=\"gutentor-element-advanced-text-link\" href=\"https:\/\/animaltech.com.uy\/sitio\/soluciones\/sistema-de-monitoreo\/\"><h3 class=\"gutentor-text\">Sistema de Monitoreo SenseHub<\/h3><\/a><\/div><\/div>\n\n\n\n<div id=\"section-gedaab5\" class=\"wp-block-gutentor-e1 section-gedaab5 gutentor-element gutentor-element-advanced-text text-align-center-desktop text-align-center-tablet text-align-center-mobile\"><div class=\"gutentor-text-wrap\"><p class=\"gutentor-text\">Con SenseHub Dairy, los productores lecheros, pueden tomar decisiones basadas en datos para maximizar la productividad.<\/p><\/div><\/div>\n<\/div><\/div>\n\n\n\n<div id=\"col-gm1b31d4\" class=\"wp-block-gutentor-m2-col col-gm1b31d4 gutentor-module gutentor-dynamic-single-column grid-lg-4 grid-md-6 grid-12\"><div id=\"section-gm1b31d4\" class=\"section-gm1b31d4 gutentor-single-col has-color-bg has-custom-bg\">\n<div id=\"section-gd35a04\" class=\"wp-block-gutentor-e6 section-gd35a04 gutentor-element gutentor-element-image text-align-center-desktop text-align-center-mobile\"><div class=\"gutentor-element-image-box\"><div class=\"gutentor-image-thumb\"><img decoding=\"async\" class=\"normal-image\" src=\"https:\/\/animaltech.com.uy\/sitio\/wp-content\/uploads\/2022\/05\/monitoreo-icon-2.png\"\/><\/div><\/div><\/div>\n\n\n\n<div id=\"section-gd2122d\" class=\"wp-block-gutentor-e1 section-gd2122d gutentor-element gutentor-element-advanced-text text-align-center-desktop text-align-center-tablet text-align-center-mobile\"><div class=\"gutentor-text-wrap\"><a class=\"gutentor-element-advanced-text-link\" href=\"https:\/\/animaltech.com.uy\/sitio\/soluciones\/tecnologias-automatizacion-ordeno\"><h3 class=\"gutentor-text\">Tecnolog\u00edas de automatizaci\u00f3n de orde\u00f1o<\/h3><\/a><\/div><\/div>\n\n\n\n<div id=\"section-g536aa6\" class=\"wp-block-gutentor-e1 section-g536aa6 gutentor-element gutentor-element-advanced-text text-align-center-desktop text-align-center-tablet text-align-center-mobile\"><div class=\"gutentor-text-wrap\"><p class=\"gutentor-text\">Las v\u00e1lvulas de control y los pulsadores inteligentes Allflex Livestock Intelligence ofrecen un funcionamiento altamente fiable.<\/p><\/div><\/div>\n<\/div><\/div>\n\n\n\n<div id=\"col-gmefb40f\" class=\"wp-block-gutentor-m2-col col-gmefb40f gutentor-module gutentor-dynamic-single-column grid-lg-4 grid-md-6 grid-12\"><div id=\"section-gmefb40f\" class=\"section-gmefb40f gutentor-single-col has-color-bg has-custom-bg\">\n<div id=\"section-gb18c0a\" class=\"wp-block-gutentor-e6 section-gb18c0a gutentor-element gutentor-element-image text-align-center-desktop text-align-center-mobile\"><div class=\"gutentor-element-image-box\"><div class=\"gutentor-image-thumb\"><img decoding=\"async\" class=\"normal-image\" src=\"https:\/\/animaltech.com.uy\/sitio\/wp-content\/uploads\/2022\/05\/gate-icon3.png\"\/><\/div><\/div><\/div>\n\n\n\n<div id=\"section-g11e454\" class=\"wp-block-gutentor-e1 section-g11e454 gutentor-element gutentor-element-advanced-text text-align-center-desktop text-align-center-tablet text-align-center-mobile\"><div class=\"gutentor-text-wrap\"><a class=\"gutentor-element-advanced-text-link\" href=\"https:\/\/animaltech.com.uy\/sitio\/soluciones\/puerta-separadora-de-ganado\/\"><h3 class=\"gutentor-text\">Puerta Separadora<br>de Ganado<\/h3><\/a><\/div><\/div>\n\n\n\n<div id=\"section-gdf7e32\" class=\"wp-block-gutentor-e1 section-gdf7e32 gutentor-element gutentor-element-advanced-text text-align-center-desktop text-align-center-tablet text-align-center-mobile\"><div class=\"gutentor-text-wrap\"><p class=\"gutentor-text\">El port\u00f3n de clasificaci\u00f3n de Allflex permite separar autom\u00e1ticamente las vacas seg\u00fan un conjunto de criterios predeterminados. <\/p><\/div><\/div>\n<\/div><\/div>\n<\/div><\/div><\/section>\n\n\n\n<section id=\"gm761e621\" class=\"wp-block-gutentor-m0 alignfull section-gm761e621 gutentor-module gutentor-module-carousel gutentor-tshape-fv gutentor-slick-a-default-desktop\"><div class=\"grid-container\"><div class=\"gutentor-module-carousel-row\" data-dots=\"true\" data-dotstablet=\"false\" data-dotsmobile=\"false\" data-arrows=\"false\" data-arrowstablet=\"false\" data-arrowsmobile=\"false\" data-infinite=\"true\" data-autoplay=\"true\" data-draggable=\"true\" data-pauseonfocus=\"true\" data-pauseonhover=\"true\" data-autoplayspeed=\"3000\" data-cmondesktop=\"false\" data-cmontablet=\"false\" data-cmonmobile=\"false\" data-nextarrow=\"fas fa-angle-right\" data-prevarrow=\"fas fa-angle-left\" data-arrowspositiondesktop=\"gutentor-slick-a-default-desktop\" data-arrowspositiontablet=\"gutentor-slick-a-default-tablet\" data-arrowspositionmobile=\"gutentor-slick-a-default-mobile\" data-speed=\"3000\" data-slideitemdesktop=\"3\" data-slideitemtablet=\"2\" data-slideitemmobile=\"1\" data-slidescroll-desktop=\"1\" data-slidescroll-tablet=\"1\" data-slidescroll-mobile=\"1\">\n<div id=\"col-gm607128\" class=\"wp-block-gutentor-m0-col col-gm607128 gutentor-carousel-item\"><div id=\"section-gm607128\" class=\"section-gm607128 gutentor-col-wrap\"><\/div><\/div>\n\n\n\n<div id=\"col-gm162252\" class=\"wp-block-gutentor-m0-col col-gm162252 gutentor-carousel-item\"><div id=\"section-gm162252\" class=\"section-gm162252 gutentor-col-wrap\"><\/div><\/div>\n\n\n\n<div id=\"col-gm807076\" class=\"wp-block-gutentor-m0-col col-gm807076 gutentor-carousel-item\"><div id=\"section-gm807076\" class=\"section-gm807076 gutentor-col-wrap\"><\/div><\/div>\n<\/div><\/div><\/section>\n\n\n\n<section id=\"gm320b33b\" class=\"wp-block-gutentor-m4 section-gm320b33b gutentor-module gutentor-advanced-columns has-image-bg has-custom-bg has-gutentor-overlay gutentor-equal-column-height\"><div class=\"grid-container\"><div class=\"grid-row\">\n<div id=\"col-gmda803c\" class=\"wp-block-gutentor-m4-col col-gmda803c gutentor-single-column  grid-lg-9 grid-md-7 grid-12\"><div id=\"section-gmda803c\" class=\"section-gmda803c gutentor-col-wrap\">\n<div id=\"section-g877252\" class=\"wp-block-gutentor-e1 section-g877252 gutentor-element gutentor-element-advanced-text text-align-left-desktop text-align-left-tablet text-align-left-mobile\"><div class=\"gutentor-text-wrap\"><h2 class=\"gutentor-text\"> Solicite presupuesto sin cargo. <\/h2><\/div><\/div>\n\n\n\n<div id=\"section-gebbe22\" class=\"wp-block-gutentor-e1 section-gebbe22 gutentor-element gutentor-element-advanced-text text-align-left-desktop text-align-left-tablet text-align-left-mobile\"><div class=\"gutentor-text-wrap\"><p class=\"gutentor-text\"> Cont\u00e1ctenos para solicitar asesoramiento y\/o presupuesto.<\/p><\/div><\/div>\n<\/div><\/div>\n\n\n\n<div id=\"col-gm44d0b9\" class=\"wp-block-gutentor-m4-col col-gm44d0b9 gutentor-single-column  grid-lg-3 grid-md-5 grid-12\"><div id=\"section-gm44d0b9\" class=\"section-gm44d0b9 gutentor-col-wrap\">\n<div id=\"section-gd24e66\" class=\"wp-block-gutentor-e2 section-gd24e66 gutentor-element gutentor-element-button button-align-right-desktop button-align-right-tablet button-align-center-mobile\"><span class=\"gutentor-button-wrap\"><a class=\"gutentor-button gutentor-block-button gutentor-icon-hide\" href=\"#\"><i class=\"gutentor-button-icon fas fa-book\"><\/i><span>Contactar<\/span><\/a><\/span><\/div>\n<\/div><\/div>\n<\/div><\/div><\/section>\n","protected":false},"excerpt":{"rendered":"","protected":false},"author":1,"featured_media":0,"parent":0,"menu_order":0,"comment_status":"closed","ping_status":"closed","template":"template-gutentor-full-width.php","meta":{"footnotes":""},"class_list":["post-60","page","type-page","status-publish","hentry"],"_links":{"self":[{"href":"https:\/\/animaltech.com.uy\/sitio\/wp-json\/wp\/v2\/pages\/60","targetHints":{"allow":["GET"]}}],"collection":[{"href":"https:\/\/animaltech.com.uy\/sitio\/wp-json\/wp\/v2\/pages"}],"about":[{"href":"https:\/\/animaltech.com.uy\/sitio\/wp-json\/wp\/v2\/types\/page"}],"author":[{"embeddable":true,"href":"https:\/\/animaltech.com.uy\/sitio\/wp-json\/wp\/v2\/users\/1"}],"replies":[{"embeddable":true,"href":"https:\/\/animaltech.com.uy\/sitio\/wp-json\/wp\/v2\/comments?post=60"}],"version-history":[{"count":19,"href":"https:\/\/animaltech.com.uy\/sitio\/wp-json\/wp\/v2\/pages\/60\/revisions"}],"predecessor-version":[{"id":565,"href":"https:\/\/animaltech.com.uy\/sitio\/wp-json\/wp\/v2\/pages\/60\/revisions\/565"}],"wp:attachment":[{"href":"https:\/\/animaltech.com.uy\/sitio\/wp-json\/wp\/v2\/media?parent=60"}],"curies":[{"name":"wp","href":"https:\/\/api.w.org\/{rel}","templated":true}]}}