{"id":485,"date":"2022-05-20T13:30:16","date_gmt":"2022-05-20T13:30:16","guid":{"rendered":"https:\/\/animaltech.com.uy\/sitio\/?page_id=485"},"modified":"2022-05-25T14:08:43","modified_gmt":"2022-05-25T14:08:43","slug":"pulsadores-2","status":"publish","type":"page","link":"https:\/\/animaltech.com.uy\/sitio\/soluciones\/tecnologias-automatizacion-ordeno\/pulsadores-2\/","title":{"rendered":"Pulsadores"},"content":{"rendered":"\n<p><\/p>\n\n\n\n<p><\/p>\n\n\n\n<section id=\"gm9cbf0e1\" class=\"wp-block-gutentor-m2 section-gm9cbf0e1 gutentor-module gutentor-dynamic-columns gutentor-bshape-fv g-pos-r-desktop g-pos-r-tablet g-pos-r-mobile g-pos-custom-desktop g-pos-custom-tablet g-pos-custom-mobile gutentor-equal-column-height\"><div class=\"grid-container\"><div class=\"grid-row\">\n<div id=\"col-gm122f68\" class=\"wp-block-gutentor-m2-col col-gm122f68 gutentor-module gutentor-dynamic-single-column grid-lg-6 grid-md-6 grid-12\"><div id=\"section-gm122f68\" class=\"section-gm122f68 gutentor-single-col has-image-bg has-custom-bg\">\n<div id=\"section-g68489e\" class=\"wp-block-gutentor-e6 section-g68489e gutentor-element gutentor-element-image g-pos-d-desktop g-pos-d-tablet g-pos-d-mobile\"><div class=\"gutentor-element-image-box\"><div class=\"gutentor-image-thumb\"><img decoding=\"async\" class=\"normal-image\" src=\"https:\/\/animaltech.com.uy\/sitio\/wp-content\/uploads\/2022\/05\/Pulsadores-1.png\"\/><\/div><\/div><\/div>\n<\/div><\/div>\n\n\n\n<div id=\"col-gm0d9109\" class=\"wp-block-gutentor-m2-col col-gm0d9109 gutentor-module gutentor-dynamic-single-column grid-lg-6 grid-md-6 grid-12\"><div id=\"section-gm0d9109\" class=\"section-gm0d9109 gutentor-single-col\">\n<div id=\"section-g9345a5\" class=\"wp-block-gutentor-e1 section-g9345a5 gutentor-element gutentor-element-advanced-text gutentor-width-enabled enable-title-design text-align-left-desktop text-align-left-tablet text-align-left-mobile\"><div class=\"gutentor-text-wrap divider-left\"><div class=\"gutentor-separator gutentor-separator-before border-solid\"><\/div><span class=\"gutentor-text\">Pulsadores<\/span><\/div><\/div>\n\n\n\n<div id=\"section-gdb55c2\" class=\"wp-block-gutentor-e1 section-gdb55c2 gutentor-element gutentor-element-advanced-text text-align-left-desktop text-align-left-tablet text-align-left-mobile\"><div class=\"gutentor-text-wrap\"><p class=\"gutentor-text\"><br>Los pulsadores Allflex Livestock Intelligence proporcionan un funcionamiento altamente fiable. Con su dise\u00f1o aerodin\u00e1mico, son f\u00e1ciles de instalar y casi no requieren mantenimiento. Incorporando m\u00e1s de 40 a\u00f1os de extensa investigaci\u00f3n de campo, los pulsadores Allflex est\u00e1n instalados en decenas de miles de puntos de orde\u00f1o en todo el mundo.<br><\/p><\/div><\/div>\n<\/div><\/div>\n<\/div><\/div><\/section>\n\n\n\n<div class=\"wp-block-columns is-layout-flex wp-container-core-columns-is-layout-9d6595d7 wp-block-columns-is-layout-flex\">\n<div class=\"wp-block-column is-layout-flow wp-block-column-is-layout-flow\">\n<div class=\"wp-block-columns is-layout-flex wp-container-core-columns-is-layout-9d6595d7 wp-block-columns-is-layout-flex\">\n<div class=\"wp-block-column is-layout-flow wp-block-column-is-layout-flow\">\n<div id=\"section-g3a3846\" class=\"wp-block-gutentor-e1 section-g3a3846 gutentor-element gutentor-element-advanced-text text-align-left-desktop\"><div class=\"gutentor-text-wrap\"><p class=\"gutentor-text\"><strong>El dise\u00f1o mec\u00e1nico simple garantiza un funcionamiento fiable<\/strong><br>Los pulsadores Allflex son muy fiables, incluso cuando funcionan en entornos polvorientos.&nbsp;<br>Con solo dos partes m\u00f3viles, sin membranas ni piezas peque\u00f1as, requieren solo un mantenimiento o reparaciones m\u00ednimos, sin necesidad de herramientas o experiencia especial.<br><br><strong>F\u00e1cil instalaci\u00f3n y reemplazo<\/strong><br>El dise\u00f1o aerodin\u00e1mico de los pulsadores Allflex los hace f\u00e1ciles de instalar, monitorear y reemplazar, incluso durante el orde\u00f1o.&nbsp;<br>El pulsador Allflex est\u00e1 conectado a la l\u00ednea de vac\u00edo con un grifo de parada que permite un montaje o reemplazo r\u00e1pido y f\u00e1cil sobre la marcha.&nbsp;<br>La ventilaci\u00f3n se puede realizar a trav\u00e9s de filtros individuales o de una tuber\u00eda central de aire libre.<br><br><strong>El indicador de monitoreo de vac\u00edo indica problemas en tiempo real<\/strong><br>El indicador de monitoreo de vac\u00edo incorporado monitorea la pulsaci\u00f3n y proporciona una indicaci\u00f3n r\u00e1pida de un mal funcionamiento causado por un revestimiento agrietado o un agujero en el tubo.<\/p><\/div><\/div>\n<\/div>\n<\/div>\n<\/div>\n<\/div>\n\n\n\n<div id=\"section-ge3dc2f\" class=\"wp-block-gutentor-e2 section-ge3dc2f gutentor-element gutentor-element-button button-align-center-desktop\"><span class=\"gutentor-button-wrap\"><a class=\"gutentor-button gutentor-block-button gutentor-icon-hide\" href=\"https:\/\/animaltech.com.uy\/sitio\/soluciones\/tecnologias-automatizacion-ordeno\/\"><i class=\"gutentor-button-icon fas fa-book\"><\/i><span>Volver<\/span><\/a><\/span><\/div>\n\n\n","protected":false},"excerpt":{"rendered":"","protected":false},"author":1,"featured_media":0,"parent":325,"menu_order":0,"comment_status":"closed","ping_status":"closed","template":"","meta":{"footnotes":""},"class_list":["post-485","page","type-page","status-publish","hentry"],"_links":{"self":[{"href":"https:\/\/animaltech.com.uy\/sitio\/wp-json\/wp\/v2\/pages\/485","targetHints":{"allow":["GET"]}}],"collection":[{"href":"https:\/\/animaltech.com.uy\/sitio\/wp-json\/wp\/v2\/pages"}],"about":[{"href":"https:\/\/animaltech.com.uy\/sitio\/wp-json\/wp\/v2\/types\/page"}],"author":[{"embeddable":true,"href":"https:\/\/animaltech.com.uy\/sitio\/wp-json\/wp\/v2\/users\/1"}],"replies":[{"embeddable":true,"href":"https:\/\/animaltech.com.uy\/sitio\/wp-json\/wp\/v2\/comments?post=485"}],"version-history":[{"count":3,"href":"https:\/\/animaltech.com.uy\/sitio\/wp-json\/wp\/v2\/pages\/485\/revisions"}],"predecessor-version":[{"id":563,"href":"https:\/\/animaltech.com.uy\/sitio\/wp-json\/wp\/v2\/pages\/485\/revisions\/563"}],"up":[{"embeddable":true,"href":"https:\/\/animaltech.com.uy\/sitio\/wp-json\/wp\/v2\/pages\/325"}],"wp:attachment":[{"href":"https:\/\/animaltech.com.uy\/sitio\/wp-json\/wp\/v2\/media?parent=485"}],"curies":[{"name":"wp","href":"https:\/\/api.w.org\/{rel}","templated":true}]}}