{"id":483,"date":"2022-05-20T13:27:33","date_gmt":"2022-05-20T13:27:33","guid":{"rendered":"https:\/\/animaltech.com.uy\/sitio\/?page_id=483"},"modified":"2022-05-25T14:08:48","modified_gmt":"2022-05-25T14:08:48","slug":"serie-mc200","status":"publish","type":"page","link":"https:\/\/animaltech.com.uy\/sitio\/soluciones\/tecnologias-automatizacion-ordeno\/serie-mc200\/","title":{"rendered":"Serie MC200"},"content":{"rendered":"\n<p><\/p>\n\n\n\n<section id=\"gmf5d4feb\" class=\"wp-block-gutentor-m2 section-gmf5d4feb gutentor-module gutentor-dynamic-columns gutentor-bshape-fv g-pos-r-desktop g-pos-r-tablet g-pos-r-mobile g-pos-custom-desktop g-pos-custom-tablet g-pos-custom-mobile gutentor-equal-column-height\"><div class=\"grid-container\"><div class=\"grid-row\">\n<div id=\"col-gm5952ea\" class=\"wp-block-gutentor-m2-col col-gm5952ea gutentor-module gutentor-dynamic-single-column grid-lg-6 grid-md-6 grid-12\"><div id=\"section-gm5952ea\" class=\"section-gm5952ea gutentor-single-col has-image-bg has-custom-bg\">\n<div id=\"section-gdef1f3\" class=\"wp-block-gutentor-e6 section-gdef1f3 gutentor-element gutentor-element-image g-pos-d-desktop g-pos-d-tablet g-pos-d-mobile\"><div class=\"gutentor-element-image-box\"><div class=\"gutentor-image-thumb\"><img decoding=\"async\" class=\"normal-image\" src=\"https:\/\/animaltech.com.uy\/sitio\/wp-content\/uploads\/2022\/05\/MC200-Series.png\"\/><\/div><\/div><\/div>\n<\/div><\/div>\n\n\n\n<div id=\"col-gmd9dfab\" class=\"wp-block-gutentor-m2-col col-gmd9dfab gutentor-module gutentor-dynamic-single-column grid-lg-6 grid-md-6 grid-12\"><div id=\"section-gmd9dfab\" class=\"section-gmd9dfab gutentor-single-col\">\n<div id=\"section-gc289d2\" class=\"wp-block-gutentor-e1 section-gc289d2 gutentor-element gutentor-element-advanced-text gutentor-width-enabled enable-title-design text-align-left-desktop text-align-left-tablet text-align-left-mobile\"><div class=\"gutentor-text-wrap divider-left\"><div class=\"gutentor-separator gutentor-separator-before border-solid\"><\/div><span class=\"gutentor-text\">Serie MC200<\/span><\/div><\/div>\n\n\n\n<div id=\"section-g1fbf55\" class=\"wp-block-gutentor-e1 section-g1fbf55 gutentor-element gutentor-element-advanced-text text-align-left-desktop text-align-left-tablet text-align-left-mobile\"><div class=\"gutentor-text-wrap\"><p class=\"gutentor-text\"><br>Obtenga datos de producci\u00f3n de leche altamente precisos y mejore la eficiencia de su proceso de orde\u00f1o, con un sistema de control de orde\u00f1o avanzado que tambi\u00e9n lo ayuda a salvaguardar la comodidad de las vacas. Los sistemas de control de orde\u00f1o Allflex MC200, compuestos por el sensor de leche Allflex FreeFlow\u2122 y la sofisticada soluci\u00f3n de pulsaci\u00f3n de Allflex, optimizan y agilizan el flujo de trabajo de orde\u00f1o. La pulsaci\u00f3n variable inteligente permite un tiempo de orde\u00f1o m\u00e1s corto. La detenci\u00f3n de pulsaciones y la eliminaci\u00f3n cuidadosa y precisa del grupo reducen la irritaci\u00f3n de los pezones, lo que mejora la comodidad de las vacas y simplifica la operaci\u00f3n.<br><\/p><\/div><\/div>\n<\/div><\/div>\n<\/div><\/div><\/section>\n\n\n\n<div class=\"wp-block-columns is-layout-flex wp-container-core-columns-is-layout-9d6595d7 wp-block-columns-is-layout-flex\">\n<div class=\"wp-block-column is-layout-flow wp-block-column-is-layout-flow\">\n<div class=\"wp-block-columns is-layout-flex wp-container-core-columns-is-layout-9d6595d7 wp-block-columns-is-layout-flex\">\n<div class=\"wp-block-column is-layout-flow wp-block-column-is-layout-flow\">\n<div id=\"section-gf46e87\" class=\"wp-block-gutentor-e1 section-gf46e87 gutentor-element gutentor-element-advanced-text text-align-left-desktop\"><div class=\"gutentor-text-wrap\"><p class=\"gutentor-text\"><strong>\u25a0<\/strong> <strong>Datos precisos de producci\u00f3n de leche con el sensor de leche FreeFlow\u2122<br><strong>\u25a0<\/strong> El control de orde\u00f1o avanzado optimiza y acorta el orde\u00f1o, al mismo tiempo que protege el bienestar de las vacas<br><strong>\u25a0<\/strong> El arresto avanzado de pulsaciones y la eliminaci\u00f3n de racimos protegen la comodidad de las vacas<\/strong><br><br>Invierta en el sistema que necesita hoy y ampl\u00edelo a medida que cambien sus requisitos. F\u00e1ciles de instalar y usar, y totalmente escalables, los sistemas de control de orde\u00f1o Allflex funcionan en casi cualquier configuraci\u00f3n de sala. El funcionamiento confiable y la facilidad de actualizaci\u00f3n garantizan un valor duradero.<br><br><strong><strong>\u25a0<\/strong><\/strong> <strong>Sistema de orde\u00f1o modular f\u00e1cil de instalar que puede crecer con sus necesidades<br>\u25a0 Configuraci\u00f3n f\u00e1cil y flexible, y operaci\u00f3n con un solo bot\u00f3n<br>\u25a0 Orde\u00f1o confiable con muy bajo mantenimiento<\/strong><\/p><\/div><\/div>\n<\/div>\n<\/div>\n<\/div>\n<\/div>\n\n\n\n<div id=\"section-g700c29\" class=\"wp-block-gutentor-e2 section-g700c29 gutentor-element gutentor-element-button button-align-center-desktop\"><span class=\"gutentor-button-wrap\"><a class=\"gutentor-button gutentor-block-button gutentor-icon-hide\" href=\"https:\/\/animaltech.com.uy\/sitio\/soluciones\/tecnologias-automatizacion-ordeno\/\"><i class=\"gutentor-button-icon fas fa-book\"><\/i><span>Volver<\/span><\/a><\/span><\/div>\n\n\n","protected":false},"excerpt":{"rendered":"","protected":false},"author":1,"featured_media":0,"parent":325,"menu_order":0,"comment_status":"closed","ping_status":"closed","template":"","meta":{"footnotes":""},"class_list":["post-483","page","type-page","status-publish","hentry"],"_links":{"self":[{"href":"https:\/\/animaltech.com.uy\/sitio\/wp-json\/wp\/v2\/pages\/483","targetHints":{"allow":["GET"]}}],"collection":[{"href":"https:\/\/animaltech.com.uy\/sitio\/wp-json\/wp\/v2\/pages"}],"about":[{"href":"https:\/\/animaltech.com.uy\/sitio\/wp-json\/wp\/v2\/types\/page"}],"author":[{"embeddable":true,"href":"https:\/\/animaltech.com.uy\/sitio\/wp-json\/wp\/v2\/users\/1"}],"replies":[{"embeddable":true,"href":"https:\/\/animaltech.com.uy\/sitio\/wp-json\/wp\/v2\/comments?post=483"}],"version-history":[{"count":3,"href":"https:\/\/animaltech.com.uy\/sitio\/wp-json\/wp\/v2\/pages\/483\/revisions"}],"predecessor-version":[{"id":564,"href":"https:\/\/animaltech.com.uy\/sitio\/wp-json\/wp\/v2\/pages\/483\/revisions\/564"}],"up":[{"embeddable":true,"href":"https:\/\/animaltech.com.uy\/sitio\/wp-json\/wp\/v2\/pages\/325"}],"wp:attachment":[{"href":"https:\/\/animaltech.com.uy\/sitio\/wp-json\/wp\/v2\/media?parent=483"}],"curies":[{"name":"wp","href":"https:\/\/api.w.org\/{rel}","templated":true}]}}