{"id":481,"date":"2022-05-20T13:25:00","date_gmt":"2022-05-20T13:25:00","guid":{"rendered":"https:\/\/animaltech.com.uy\/sitio\/?page_id=481"},"modified":"2022-05-25T14:08:36","modified_gmt":"2022-05-25T14:08:36","slug":"dataflow-ii","status":"publish","type":"page","link":"https:\/\/animaltech.com.uy\/sitio\/soluciones\/tecnologias-automatizacion-ordeno\/dataflow-ii\/","title":{"rendered":"DataFlow\u2122 II"},"content":{"rendered":"\n<p><\/p>\n\n\n\n<section id=\"gm7624d9d\" class=\"wp-block-gutentor-m2 section-gm7624d9d gutentor-module gutentor-dynamic-columns gutentor-bshape-fv g-pos-r-desktop g-pos-r-tablet g-pos-r-mobile g-pos-custom-desktop g-pos-custom-tablet g-pos-custom-mobile gutentor-equal-column-height\"><div class=\"grid-container\"><div class=\"grid-row\">\n<div id=\"col-gmcdf0dd\" class=\"wp-block-gutentor-m2-col col-gmcdf0dd gutentor-module gutentor-dynamic-single-column grid-lg-6 grid-md-6 grid-12\"><div id=\"section-gmcdf0dd\" class=\"section-gmcdf0dd gutentor-single-col has-image-bg has-custom-bg\">\n<div id=\"section-g77c6dd\" class=\"wp-block-gutentor-e6 section-g77c6dd gutentor-element gutentor-element-image g-pos-d-desktop g-pos-d-tablet g-pos-d-mobile\"><div class=\"gutentor-element-image-box\"><div class=\"gutentor-image-thumb\"><img decoding=\"async\" class=\"normal-image\" src=\"https:\/\/animaltech.com.uy\/sitio\/wp-content\/uploads\/2022\/05\/data-flow.png\"\/><\/div><\/div><\/div>\n<\/div><\/div>\n\n\n\n<div id=\"col-gm2fc06a\" class=\"wp-block-gutentor-m2-col col-gm2fc06a gutentor-module gutentor-dynamic-single-column grid-lg-6 grid-md-6 grid-12\"><div id=\"section-gm2fc06a\" class=\"section-gm2fc06a gutentor-single-col\">\n<div id=\"section-g497443\" class=\"wp-block-gutentor-e1 section-g497443 gutentor-element gutentor-element-advanced-text gutentor-width-enabled enable-title-design text-align-left-desktop text-align-left-tablet text-align-left-mobile\"><div class=\"gutentor-text-wrap divider-left\"><div class=\"gutentor-separator gutentor-separator-before border-solid\"><\/div><span class=\"gutentor-text\">DataFlow\u2122 II<\/span><\/div><\/div>\n\n\n\n<div id=\"section-g102740\" class=\"wp-block-gutentor-e1 section-g102740 gutentor-element gutentor-element-advanced-text text-align-left-desktop text-align-left-tablet text-align-left-mobile\"><div class=\"gutentor-text-wrap\"><p class=\"gutentor-text\"><br>El sistema DataFlow\u2122 II proporciona potentes herramientas de gesti\u00f3n, incluidos informes, gr\u00e1ficos, an\u00e1lisis, listas de tareas e historial de tarjetas de vacas de por vida.&nbsp;<br>El sistema tambi\u00e9n permite el control y el soporte de otros componentes, como puertas de clasificaci\u00f3n, estaciones de alimentaci\u00f3n individuales, tablero de mensajes en la sala y otros.<br><\/p><\/div><\/div>\n<\/div><\/div>\n<\/div><\/div><\/section>\n\n\n\n<div class=\"wp-block-columns is-layout-flex wp-container-core-columns-is-layout-9d6595d7 wp-block-columns-is-layout-flex\">\n<div class=\"wp-block-column is-layout-flow wp-block-column-is-layout-flow\">\n<div class=\"wp-block-columns is-layout-flex wp-container-core-columns-is-layout-9d6595d7 wp-block-columns-is-layout-flex\">\n<div class=\"wp-block-column is-layout-flow wp-block-column-is-layout-flow\">\n<div id=\"section-g751488\" class=\"wp-block-gutentor-e1 section-g751488 gutentor-element gutentor-element-advanced-text text-align-left-desktop\"><div class=\"gutentor-text-wrap\"><p class=\"gutentor-text\"><strong>\u25a0<\/strong> <strong>Soluci\u00f3n avanzada de gesti\u00f3n<br><\/strong>de reba\u00f1os El sistema DataFlow II, compuesto por hardware y software, controla todo el proceso de orde\u00f1o y recopila y analiza autom\u00e1ticamente los datos de las etiquetas de seguimiento<br><strong><br><strong>\u25a0<\/strong> Soluci\u00f3n flexible y<br><\/strong>f\u00e1cil de usar La filosof\u00eda de Allflex es mantener la interfaz de usuario lo m\u00e1s simple posible, evitando paneles complicados y brindando la informaci\u00f3n correcta en el momento correcto.<br><strong><br><strong>\u25a0<\/strong> Protecci\u00f3n de la inversi\u00f3n<br><\/strong>El sistema DataFlow II funciona con etiquetas Allflex y sistemas de control de orde\u00f1o Allflex, incluidos el sensor de leche FreeFlow\u2122 y los pulsadores Allflex. El sistema est\u00e1 dise\u00f1ado para la escalabilidad, lo que permite a los agricultores ampliar f\u00e1cilmente su equipo de acuerdo con las necesidades y el crecimiento de su granja.<\/p><\/div><\/div>\n<\/div>\n<\/div>\n<\/div>\n<\/div>\n\n\n\n<div id=\"section-g764d7a\" class=\"wp-block-gutentor-e2 section-g764d7a gutentor-element gutentor-element-button button-align-center-desktop\"><span class=\"gutentor-button-wrap\"><a class=\"gutentor-button gutentor-block-button gutentor-icon-hide\" href=\"https:\/\/animaltech.com.uy\/sitio\/soluciones\/tecnologias-automatizacion-ordeno\/\"><i class=\"gutentor-button-icon fas fa-book\"><\/i><span>Volver<\/span><\/a><\/span><\/div>\n","protected":false},"excerpt":{"rendered":"","protected":false},"author":1,"featured_media":0,"parent":325,"menu_order":0,"comment_status":"closed","ping_status":"closed","template":"","meta":{"footnotes":""},"class_list":["post-481","page","type-page","status-publish","hentry"],"_links":{"self":[{"href":"https:\/\/animaltech.com.uy\/sitio\/wp-json\/wp\/v2\/pages\/481","targetHints":{"allow":["GET"]}}],"collection":[{"href":"https:\/\/animaltech.com.uy\/sitio\/wp-json\/wp\/v2\/pages"}],"about":[{"href":"https:\/\/animaltech.com.uy\/sitio\/wp-json\/wp\/v2\/types\/page"}],"author":[{"embeddable":true,"href":"https:\/\/animaltech.com.uy\/sitio\/wp-json\/wp\/v2\/users\/1"}],"replies":[{"embeddable":true,"href":"https:\/\/animaltech.com.uy\/sitio\/wp-json\/wp\/v2\/comments?post=481"}],"version-history":[{"count":3,"href":"https:\/\/animaltech.com.uy\/sitio\/wp-json\/wp\/v2\/pages\/481\/revisions"}],"predecessor-version":[{"id":562,"href":"https:\/\/animaltech.com.uy\/sitio\/wp-json\/wp\/v2\/pages\/481\/revisions\/562"}],"up":[{"embeddable":true,"href":"https:\/\/animaltech.com.uy\/sitio\/wp-json\/wp\/v2\/pages\/325"}],"wp:attachment":[{"href":"https:\/\/animaltech.com.uy\/sitio\/wp-json\/wp\/v2\/media?parent=481"}],"curies":[{"name":"wp","href":"https:\/\/api.w.org\/{rel}","templated":true}]}}