{"id":458,"date":"2022-05-20T12:47:08","date_gmt":"2022-05-20T12:47:08","guid":{"rendered":"https:\/\/animaltech.com.uy\/sitio\/?page_id=458"},"modified":"2022-05-25T14:03:58","modified_gmt":"2022-05-25T14:03:58","slug":"heatime-pro","status":"publish","type":"page","link":"https:\/\/animaltech.com.uy\/sitio\/soluciones\/sistema-de-monitoreo\/heatime-pro\/","title":{"rendered":"Heatime\u00ae Pro+"},"content":{"rendered":"\n<p><\/p>\n\n\n\n<section id=\"gmc538d62\" class=\"wp-block-gutentor-m2 section-gmc538d62 gutentor-module gutentor-dynamic-columns gutentor-bshape-fv g-pos-r-desktop g-pos-r-tablet g-pos-r-mobile g-pos-custom-desktop g-pos-custom-tablet g-pos-custom-mobile gutentor-equal-column-height\"><div class=\"grid-container\"><div class=\"grid-row\">\n<div id=\"col-gm79521e\" class=\"wp-block-gutentor-m2-col col-gm79521e gutentor-module gutentor-dynamic-single-column grid-lg-6 grid-md-6 grid-12\"><div id=\"section-gm79521e\" class=\"section-gm79521e gutentor-single-col has-image-bg has-custom-bg\">\n<div id=\"section-g9294fa\" class=\"wp-block-gutentor-e6 section-g9294fa gutentor-element gutentor-element-image g-pos-d-desktop g-pos-d-tablet g-pos-d-mobile\"><div class=\"gutentor-element-image-box\"><div class=\"gutentor-image-thumb\"><img decoding=\"async\" class=\"normal-image\" src=\"https:\/\/animaltech.com.uy\/sitio\/wp-content\/uploads\/2022\/05\/HeatimePro.png\"\/><\/div><\/div><\/div>\n<\/div><\/div>\n\n\n\n<div id=\"col-gm3672eb\" class=\"wp-block-gutentor-m2-col col-gm3672eb gutentor-module gutentor-dynamic-single-column grid-lg-6 grid-md-6 grid-12\"><div id=\"section-gm3672eb\" class=\"section-gm3672eb gutentor-single-col\">\n<div id=\"section-gb0cd66\" class=\"wp-block-gutentor-e1 section-gb0cd66 gutentor-element gutentor-element-advanced-text gutentor-width-enabled enable-title-design text-align-left-desktop text-align-left-tablet text-align-left-mobile\"><div class=\"gutentor-text-wrap divider-left\"><div class=\"gutentor-separator gutentor-separator-before border-solid\"><\/div><span class=\"gutentor-text\">Heatime\u00ae Pro+<\/span><\/div><\/div>\n\n\n\n<div id=\"section-ge12d94\" class=\"wp-block-gutentor-e1 section-ge12d94 gutentor-element gutentor-element-advanced-text text-align-left-desktop text-align-left-tablet text-align-left-mobile\"><div class=\"gutentor-text-wrap\"><p class=\"gutentor-text\"><br>Heatime\u00ae Pro+ es un sistema basado en PC poderoso, pero f\u00e1cil de usar, para el monitoreo avanzado de reba\u00f1os de vacas lecheras. Con sus capacidades de monitoreo sofisticadas, el seguimiento del historial de vacas de por vida y las capacidades de an\u00e1lisis de datos enriquecidos, elimina las conjeturas y la inconsistencia de evaluar el estado reproductivo, de salud, nutrici\u00f3n y bienestar de todas y cada una de las vacas.<br>Permite una acci\u00f3n temprana y proactiva para aliviar los efectos de los incidentes que impiden que las vacas alcancen su potencial de rendimiento gen\u00e9tico. Con su interfaz intuitiva, excelente experiencia de usuario y soporte de acceso m\u00f3vil, se puede acceder f\u00e1cilmente a todas las tareas diarias principales, as\u00ed como a funciones avanzadas, desde cualquier lugar y en cualquier momento.<br><\/p><\/div><\/div>\n<\/div><\/div>\n<\/div><\/div><\/section>\n\n\n\n<div class=\"wp-block-columns is-layout-flex wp-container-core-columns-is-layout-9d6595d7 wp-block-columns-is-layout-flex\">\n<div class=\"wp-block-column is-layout-flow wp-block-column-is-layout-flow\">\n<div class=\"wp-block-columns is-layout-flex wp-container-core-columns-is-layout-9d6595d7 wp-block-columns-is-layout-flex\">\n<div class=\"wp-block-column is-layout-flow wp-block-column-is-layout-flow\">\n<div id=\"section-g68b6e1\" class=\"wp-block-gutentor-e1 section-g68b6e1 gutentor-element gutentor-element-advanced-text text-align-left-desktop\"><div class=\"gutentor-text-wrap\"><p class=\"gutentor-text\"><strong>\u25a0<\/strong> <strong>Aumente la productividad de todo el reba\u00f1o con un potente control del estado de los animales en tiempo real<br><strong>\u25a0<\/strong> Obtenga capacidades avanzadas de monitoreo de vacas para la toma de decisiones basadas en datos<br><strong>\u25a0<\/strong> Obtenga una soluci\u00f3n flexible que se ajuste a medida que cambien sus necesidades<br><strong>\u25a0<\/strong> Elija entre etiquetas para las orejas o el cuello, con planes de aplicaci\u00f3n flexibles<\/strong><\/p><\/div><\/div>\n<\/div>\n<\/div>\n<\/div>\n<\/div>\n\n\n\n<div id=\"section-g11f57f\" class=\"wp-block-gutentor-e2 section-g11f57f gutentor-element gutentor-element-button button-align-center-desktop\"><span class=\"gutentor-button-wrap\"><a class=\"gutentor-button gutentor-block-button gutentor-icon-hide\" href=\"https:\/\/animaltech.com.uy\/sitio\/soluciones\/sistema-de-monitoreo\/\"><i class=\"gutentor-button-icon fas fa-book\"><\/i><span>Volver<\/span><\/a><\/span><\/div>\n","protected":false},"excerpt":{"rendered":"","protected":false},"author":1,"featured_media":0,"parent":324,"menu_order":0,"comment_status":"closed","ping_status":"closed","template":"","meta":{"footnotes":""},"class_list":["post-458","page","type-page","status-publish","hentry"],"_links":{"self":[{"href":"https:\/\/animaltech.com.uy\/sitio\/wp-json\/wp\/v2\/pages\/458","targetHints":{"allow":["GET"]}}],"collection":[{"href":"https:\/\/animaltech.com.uy\/sitio\/wp-json\/wp\/v2\/pages"}],"about":[{"href":"https:\/\/animaltech.com.uy\/sitio\/wp-json\/wp\/v2\/types\/page"}],"author":[{"embeddable":true,"href":"https:\/\/animaltech.com.uy\/sitio\/wp-json\/wp\/v2\/users\/1"}],"replies":[{"embeddable":true,"href":"https:\/\/animaltech.com.uy\/sitio\/wp-json\/wp\/v2\/comments?post=458"}],"version-history":[{"count":4,"href":"https:\/\/animaltech.com.uy\/sitio\/wp-json\/wp\/v2\/pages\/458\/revisions"}],"predecessor-version":[{"id":551,"href":"https:\/\/animaltech.com.uy\/sitio\/wp-json\/wp\/v2\/pages\/458\/revisions\/551"}],"up":[{"embeddable":true,"href":"https:\/\/animaltech.com.uy\/sitio\/wp-json\/wp\/v2\/pages\/324"}],"wp:attachment":[{"href":"https:\/\/animaltech.com.uy\/sitio\/wp-json\/wp\/v2\/media?parent=458"}],"curies":[{"name":"wp","href":"https:\/\/api.w.org\/{rel}","templated":true}]}}