{"id":454,"date":"2022-05-20T12:09:54","date_gmt":"2022-05-20T12:09:54","guid":{"rendered":"https:\/\/animaltech.com.uy\/sitio\/?page_id=454"},"modified":"2022-05-25T14:03:11","modified_gmt":"2022-05-25T14:03:11","slug":"sensehub-beef","status":"publish","type":"page","link":"https:\/\/animaltech.com.uy\/sitio\/soluciones\/sistema-de-monitoreo\/sensehub-beef\/","title":{"rendered":"SenseHub\u2122 Beef"},"content":{"rendered":"\n<p><\/p>\n\n\n\n<section id=\"gmf6c7a4e\" class=\"wp-block-gutentor-m2 section-gmf6c7a4e gutentor-module gutentor-dynamic-columns gutentor-bshape-fv g-pos-r-desktop g-pos-r-tablet g-pos-r-mobile g-pos-custom-desktop g-pos-custom-tablet g-pos-custom-mobile gutentor-equal-column-height\"><div class=\"grid-container\"><div class=\"grid-row\">\n<div id=\"col-gm7e2ef1\" class=\"wp-block-gutentor-m2-col col-gm7e2ef1 gutentor-module gutentor-dynamic-single-column grid-lg-6 grid-md-6 grid-12\"><div id=\"section-gm7e2ef1\" class=\"section-gm7e2ef1 gutentor-single-col has-image-bg has-custom-bg\">\n<div id=\"section-g9d65cf\" class=\"wp-block-gutentor-e6 section-g9d65cf gutentor-element gutentor-element-image g-pos-d-desktop g-pos-d-tablet g-pos-d-mobile\"><div class=\"gutentor-element-image-box\"><div class=\"gutentor-image-thumb\"><img decoding=\"async\" class=\"normal-image\" src=\"https:\/\/animaltech.com.uy\/sitio\/wp-content\/uploads\/2022\/05\/SenseHub.png\"\/><\/div><\/div><\/div>\n<\/div><\/div>\n\n\n\n<div id=\"col-gmefbe6f\" class=\"wp-block-gutentor-m2-col col-gmefbe6f gutentor-module gutentor-dynamic-single-column grid-lg-6 grid-md-6 grid-12\"><div id=\"section-gmefbe6f\" class=\"section-gmefbe6f gutentor-single-col\">\n<div id=\"section-g3c04b3\" class=\"wp-block-gutentor-e1 section-g3c04b3 gutentor-element gutentor-element-advanced-text gutentor-width-enabled enable-title-design text-align-left-desktop text-align-left-tablet text-align-left-mobile\"><div class=\"gutentor-text-wrap divider-left\"><div class=\"gutentor-separator gutentor-separator-before border-solid\"><\/div><span class=\"gutentor-text\">SenseHub\u2122 Beef<\/span><\/div><\/div>\n\n\n\n<div id=\"section-gf6bfaf\" class=\"wp-block-gutentor-e1 section-gf6bfaf gutentor-element gutentor-element-advanced-text text-align-left-desktop text-align-left-tablet text-align-left-mobile\"><div class=\"gutentor-text-wrap\"><p class=\"gutentor-text\"><br>SenseHub Beef ofrece una precisi\u00f3n de detecci\u00f3n de celo excepcional y una visi\u00f3n procesable, en tiempo real.&nbsp;<br>Aprovecha a\u00f1os de experiencia en el desarrollo de algoritmos sofisticados para analizar el seguimiento del comportamiento en funci\u00f3n de la actividad, la rumiaci\u00f3n, la alimentaci\u00f3n y otros estados clave de la vaca patentados.&nbsp;<br>SenseHub Beef identifica la etapa precisa del celo y proporciona una gu\u00eda precisa para el momento de la inseminaci\u00f3n para optimizar las tasas de concepci\u00f3n.&nbsp;<br>La soluci\u00f3n es ideal para IA y granjas de reproducci\u00f3n natural (operaciones de vacas y terneros), y para vacas tanto en corrales como en pastoreo.&nbsp;<br>Es efectivo para identificar vacas con signos silenciosos de celo.<br><\/p><\/div><\/div>\n<\/div><\/div>\n<\/div><\/div><\/section>\n\n\n\n<div class=\"wp-block-columns is-layout-flex wp-container-core-columns-is-layout-9d6595d7 wp-block-columns-is-layout-flex\">\n<div class=\"wp-block-column is-layout-flow wp-block-column-is-layout-flow\">\n<div class=\"wp-block-columns is-layout-flex wp-container-core-columns-is-layout-9d6595d7 wp-block-columns-is-layout-flex\">\n<div class=\"wp-block-column is-layout-flow wp-block-column-is-layout-flow\">\n<div id=\"section-g4fd09d\" class=\"wp-block-gutentor-e1 section-g4fd09d gutentor-element gutentor-element-advanced-text text-align-left-desktop\"><div class=\"gutentor-text-wrap\"><p class=\"gutentor-text\">SenseHub Beef ofrece una precisi\u00f3n de detecci\u00f3n de celo excepcional y una visi\u00f3n procesable, en tiempo real.&nbsp;<br>Aprovecha a\u00f1os de experiencia en el desarrollo de algoritmos sofisticados para analizar el seguimiento del comportamiento en funci\u00f3n de la actividad, la rumiaci\u00f3n, la alimentaci\u00f3n y otros estados clave de la vaca patentados.&nbsp;<br>SenseHub Beef identifica la etapa precisa del celo y proporciona una gu\u00eda precisa para el momento de la inseminaci\u00f3n para optimizar las tasas de concepci\u00f3n.&nbsp;<br>La soluci\u00f3n es ideal para IA y granjas de reproducci\u00f3n natural (operaciones de vacas y terneros), y para vacas tanto en corrales como en pastoreo.&nbsp;<br>Es efectivo para identificar vacas con signos silenciosos de celo.<br><br><strong>\u25a0<\/strong> <strong>Avance en sus estrategias de reproducci\u00f3n con informaci\u00f3n precisa sobre el celo y el embarazo<\/strong><br><strong>\u25a0<\/strong> <strong>Optimizar la reproducci\u00f3n en granjas naturales de cr\u00eda\/montaje<br><strong>\u25a0<\/strong><\/strong> <strong>Obtenga informaci\u00f3n sobre la reproducci\u00f3n en las granjas de semillas<br><strong>\u25a0<\/strong><\/strong> <strong>Optimice los tratamientos de salud, las intervenciones y el bienestar general de las vacas<br><strong>\u25a0<\/strong><\/strong> <strong>Mejorar la gesti\u00f3n del grupo y la nutrici\u00f3nado de tu explotaci\u00f3n lechera con la m\u00e1xima comodidad<\/strong><\/p><\/div><\/div>\n<\/div>\n<\/div>\n<\/div>\n<\/div>\n\n\n\n<div id=\"section-gd67065\" class=\"wp-block-gutentor-e2 section-gd67065 gutentor-element gutentor-element-button button-align-center-desktop\"><span class=\"gutentor-button-wrap\"><a class=\"gutentor-button gutentor-block-button gutentor-icon-hide\" href=\"https:\/\/animaltech.com.uy\/sitio\/soluciones\/sistema-de-monitoreo\/\"><i class=\"gutentor-button-icon fas fa-book\"><\/i><span>Volver<\/span><\/a><\/span><\/div>\n","protected":false},"excerpt":{"rendered":"","protected":false},"author":1,"featured_media":0,"parent":324,"menu_order":0,"comment_status":"closed","ping_status":"closed","template":"","meta":{"footnotes":""},"class_list":["post-454","page","type-page","status-publish","hentry"],"_links":{"self":[{"href":"https:\/\/animaltech.com.uy\/sitio\/wp-json\/wp\/v2\/pages\/454","targetHints":{"allow":["GET"]}}],"collection":[{"href":"https:\/\/animaltech.com.uy\/sitio\/wp-json\/wp\/v2\/pages"}],"about":[{"href":"https:\/\/animaltech.com.uy\/sitio\/wp-json\/wp\/v2\/types\/page"}],"author":[{"embeddable":true,"href":"https:\/\/animaltech.com.uy\/sitio\/wp-json\/wp\/v2\/users\/1"}],"replies":[{"embeddable":true,"href":"https:\/\/animaltech.com.uy\/sitio\/wp-json\/wp\/v2\/comments?post=454"}],"version-history":[{"count":4,"href":"https:\/\/animaltech.com.uy\/sitio\/wp-json\/wp\/v2\/pages\/454\/revisions"}],"predecessor-version":[{"id":550,"href":"https:\/\/animaltech.com.uy\/sitio\/wp-json\/wp\/v2\/pages\/454\/revisions\/550"}],"up":[{"embeddable":true,"href":"https:\/\/animaltech.com.uy\/sitio\/wp-json\/wp\/v2\/pages\/324"}],"wp:attachment":[{"href":"https:\/\/animaltech.com.uy\/sitio\/wp-json\/wp\/v2\/media?parent=454"}],"curies":[{"name":"wp","href":"https:\/\/api.w.org\/{rel}","templated":true}]}}