{"id":444,"date":"2022-05-20T12:03:41","date_gmt":"2022-05-20T12:03:41","guid":{"rendered":"https:\/\/animaltech.com.uy\/sitio\/?page_id=444"},"modified":"2022-05-25T14:02:39","modified_gmt":"2022-05-25T14:02:39","slug":"sensehub-dairy","status":"publish","type":"page","link":"https:\/\/animaltech.com.uy\/sitio\/soluciones\/sistema-de-monitoreo\/sensehub-dairy\/","title":{"rendered":"SenseHub\u2122 Dairy"},"content":{"rendered":"\n<p><\/p>\n\n\n\n<section id=\"gm57c2a03\" class=\"wp-block-gutentor-m2 section-gm57c2a03 gutentor-module gutentor-dynamic-columns gutentor-bshape-fv g-pos-r-desktop g-pos-r-tablet g-pos-r-mobile g-pos-custom-desktop g-pos-custom-tablet g-pos-custom-mobile gutentor-equal-column-height\"><div class=\"grid-container\"><div class=\"grid-row\">\n<div id=\"col-gm9840fa\" class=\"wp-block-gutentor-m2-col col-gm9840fa gutentor-module gutentor-dynamic-single-column grid-lg-6 grid-md-6 grid-12\"><div id=\"section-gm9840fa\" class=\"section-gm9840fa gutentor-single-col has-image-bg has-custom-bg\">\n<div id=\"section-g11b43b\" class=\"wp-block-gutentor-e6 section-g11b43b gutentor-element gutentor-element-image g-pos-d-desktop g-pos-d-tablet g-pos-d-mobile text-align-center-mobile\"><div class=\"gutentor-element-image-box\"><div class=\"gutentor-image-thumb\"><img decoding=\"async\" class=\"normal-image\" src=\"https:\/\/animaltech.com.uy\/sitio\/wp-content\/uploads\/2022\/05\/SenseHub.png\"\/><\/div><\/div><\/div>\n<\/div><\/div>\n\n\n\n<div id=\"col-gmb7d9aa\" class=\"wp-block-gutentor-m2-col col-gmb7d9aa gutentor-module gutentor-dynamic-single-column grid-lg-6 grid-md-6 grid-12\"><div id=\"section-gmb7d9aa\" class=\"section-gmb7d9aa gutentor-single-col\">\n<div id=\"section-g83ac5b\" class=\"wp-block-gutentor-e1 section-g83ac5b gutentor-element gutentor-element-advanced-text gutentor-width-enabled enable-title-design text-align-left-desktop text-align-left-tablet text-align-left-mobile\"><div class=\"gutentor-text-wrap divider-left\"><div class=\"gutentor-separator gutentor-separator-before border-solid\"><\/div><span class=\"gutentor-text\">SenseHub\u2122 Dairy<\/span><\/div><\/div>\n\n\n\n<div id=\"section-g424476\" class=\"wp-block-gutentor-e1 section-g424476 gutentor-element gutentor-element-advanced-text text-align-left-desktop text-align-left-tablet text-align-left-mobile\"><div class=\"gutentor-text-wrap\"><p class=\"gutentor-text\"><br>SenseHub\u2122 Dairy es una soluci\u00f3n sofisticada y modular de monitoreo de vacas que brinda informaci\u00f3n procesable sobre el estado reproductivo, de salud, nutricional y de bienestar de vacas individuales y grupos.&nbsp;<br>Con SenseHub Dairy, los productores de leche con operaciones de cualquier tama\u00f1o, incluidas las grandes granjas con hasta 5000 animales, pueden tomar decisiones basadas en datos para maximizar la productividad.<br>El sistema ofrece una selecci\u00f3n de etiquetas para el cuello y las orejas, varios niveles de planes de aplicaci\u00f3n, opciones de pago y dispositivos de usuario.&nbsp;<br><\/p><\/div><\/div>\n<\/div><\/div>\n<\/div><\/div><\/section>\n\n\n\n<div class=\"wp-block-columns is-layout-flex wp-container-core-columns-is-layout-9d6595d7 wp-block-columns-is-layout-flex\">\n<div class=\"wp-block-column is-layout-flow wp-block-column-is-layout-flow\">\n<div class=\"wp-block-columns is-layout-flex wp-container-core-columns-is-layout-9d6595d7 wp-block-columns-is-layout-flex\">\n<div class=\"wp-block-column is-layout-flow wp-block-column-is-layout-flow\">\n<div id=\"section-gb37506\" class=\"wp-block-gutentor-e1 section-gb37506 gutentor-element gutentor-element-advanced-text text-align-left-desktop\"><div class=\"gutentor-text-wrap\"><p class=\"gutentor-text\">Se pueden usar diferentes tipos de etiquetas y niveles de aplicaci\u00f3n juntos en la misma granja, lo que permite monitorear todas las poblaciones. F\u00e1cil de instalar, usar y mantener, SenseHub Dairy se puede integrar f\u00e1cilmente con la mayor\u00eda de las puertas de clasificaci\u00f3n. Tambi\u00e9n es f\u00e1cilmente actualizable, proporcionando valor desde el principio, con protecci\u00f3n de la inversi\u00f3n a largo plazo.<br>Obtenga informaci\u00f3n procesable sobre el estado de cada animal, en todas las poblaciones, a lo largo de todo el ciclo de vida del animal<br>Supervise todo el ganado de su explotaci\u00f3n lechera, desde el nacimiento hasta el descarte, seg\u00fan las necesidades espec\u00edficas de cada poblaci\u00f3n. Con la capacidad de hacer coincidir el tipo de etiqueta y el nivel del plan de aplicaci\u00f3n con las distintas poblaciones de su granja, puede obtener informaci\u00f3n procesable para optimizar la productividad y el bienestar de todo su ganado, para operaciones m\u00e1s sostenibles y rentables.<br><br><strong>\u25a0<\/strong> <strong>Obtenga informaci\u00f3n procesable sobre el estado de cada animal, en todas las poblaciones, a lo largo de todo el ciclo de vida del animal<\/strong><br><strong>\u25a0<\/strong> <strong>Obtenga una soluci\u00f3n excepcionalmente flexible que satisfaga sus necesidades cambiantes<\/strong><br><strong>\u25a0<\/strong> <strong>Gestiona el ganado de tu explotaci\u00f3n lechera con la m\u00e1xima comodidad<\/strong><\/p><\/div><\/div>\n<\/div>\n<\/div>\n<\/div>\n<\/div>\n\n\n\n<div id=\"section-g449109\" class=\"wp-block-gutentor-e2 section-g449109 gutentor-element gutentor-element-button button-align-center-desktop\"><span class=\"gutentor-button-wrap\"><a class=\"gutentor-button gutentor-block-button gutentor-icon-hide\" href=\"https:\/\/animaltech.com.uy\/sitio\/soluciones\/sistema-de-monitoreo\/\"><i class=\"gutentor-button-icon fas fa-book\"><\/i><span>Volver<\/span><\/a><\/span><\/div>\n","protected":false},"excerpt":{"rendered":"","protected":false},"author":1,"featured_media":0,"parent":324,"menu_order":0,"comment_status":"closed","ping_status":"closed","template":"","meta":{"footnotes":""},"class_list":["post-444","page","type-page","status-publish","hentry"],"_links":{"self":[{"href":"https:\/\/animaltech.com.uy\/sitio\/wp-json\/wp\/v2\/pages\/444","targetHints":{"allow":["GET"]}}],"collection":[{"href":"https:\/\/animaltech.com.uy\/sitio\/wp-json\/wp\/v2\/pages"}],"about":[{"href":"https:\/\/animaltech.com.uy\/sitio\/wp-json\/wp\/v2\/types\/page"}],"author":[{"embeddable":true,"href":"https:\/\/animaltech.com.uy\/sitio\/wp-json\/wp\/v2\/users\/1"}],"replies":[{"embeddable":true,"href":"https:\/\/animaltech.com.uy\/sitio\/wp-json\/wp\/v2\/comments?post=444"}],"version-history":[{"count":8,"href":"https:\/\/animaltech.com.uy\/sitio\/wp-json\/wp\/v2\/pages\/444\/revisions"}],"predecessor-version":[{"id":549,"href":"https:\/\/animaltech.com.uy\/sitio\/wp-json\/wp\/v2\/pages\/444\/revisions\/549"}],"up":[{"embeddable":true,"href":"https:\/\/animaltech.com.uy\/sitio\/wp-json\/wp\/v2\/pages\/324"}],"wp:attachment":[{"href":"https:\/\/animaltech.com.uy\/sitio\/wp-json\/wp\/v2\/media?parent=444"}],"curies":[{"name":"wp","href":"https:\/\/api.w.org\/{rel}","templated":true}]}}