{"id":326,"date":"2022-04-21T00:05:39","date_gmt":"2022-04-21T00:05:39","guid":{"rendered":"https:\/\/animaltech.com.uy\/sitio\/?page_id=326"},"modified":"2022-05-19T13:23:16","modified_gmt":"2022-05-19T13:23:16","slug":"puerta-separadora-de-ganado","status":"publish","type":"page","link":"https:\/\/animaltech.com.uy\/sitio\/soluciones\/puerta-separadora-de-ganado\/","title":{"rendered":"Puerta Separadora de Ganado"},"content":{"rendered":"\n<section id=\"gmf1983b0\" class=\"wp-block-gutentor-m2 section-gmf1983b0 gutentor-module gutentor-dynamic-columns gutentor-bshape-fv g-pos-r-desktop g-pos-r-tablet g-pos-r-mobile g-pos-custom-desktop g-pos-custom-tablet g-pos-custom-mobile gutentor-equal-column-height\"><div class=\"grid-container\"><div class=\"grid-row\">\n<div id=\"col-gm90c6ec\" class=\"wp-block-gutentor-m2-col col-gm90c6ec gutentor-module gutentor-dynamic-single-column grid-lg-6 grid-md-6 grid-12\"><div id=\"section-gm90c6ec\" class=\"section-gm90c6ec gutentor-single-col has-image-bg has-custom-bg\">\n<div id=\"section-gd31e1c\" class=\"wp-block-gutentor-e6 section-gd31e1c gutentor-element gutentor-element-image g-pos-d-desktop g-pos-d-tablet g-pos-d-mobile\"><div class=\"gutentor-element-image-box\"><div class=\"gutentor-image-thumb\"><img decoding=\"async\" class=\"normal-image\" src=\"https:\/\/animaltech.com.uy\/sitio\/wp-content\/uploads\/2022\/04\/proyecyo_2.jpg\"\/><\/div><\/div><\/div>\n<\/div><\/div>\n\n\n\n<div id=\"col-gm5139cc\" class=\"wp-block-gutentor-m2-col col-gm5139cc gutentor-module gutentor-dynamic-single-column grid-lg-6 grid-md-6 grid-12\"><div id=\"section-gm5139cc\" class=\"section-gm5139cc gutentor-single-col\">\n<div id=\"section-g2bbd58\" class=\"wp-block-gutentor-e1 section-g2bbd58 gutentor-element gutentor-element-advanced-text gutentor-width-enabled enable-title-design text-align-left-desktop text-align-left-tablet text-align-left-mobile\"><div class=\"gutentor-text-wrap divider-left\"><div class=\"gutentor-separator gutentor-separator-before border-solid\"><\/div><span class=\"gutentor-text\">Puerta Separadora de Ganado<\/span><\/div><\/div>\n\n\n\n<div id=\"section-g6c0b29\" class=\"wp-block-gutentor-e1 section-g6c0b29 gutentor-element gutentor-element-advanced-text text-align-left-desktop text-align-left-tablet text-align-left-mobile\"><div class=\"gutentor-text-wrap\"><p class=\"gutentor-text\"><br>El port\u00f3n de clasificaci\u00f3n de Allflex permite separar autom\u00e1ticamente las vacas seg\u00fan un conjunto de criterios predeterminados. <br>Las vacas se pueden clasificar antes de la visita del veterinario o en forma cotidiana.<br><\/p><\/div><\/div>\n<\/div><\/div>\n<\/div><\/div><\/section>\n\n\n\n<div id=\"section-g2ccd76\" class=\"wp-block-gutentor-e1 section-g2ccd76 gutentor-element gutentor-element-advanced-text\"><div class=\"gutentor-text-wrap\"><p class=\"gutentor-text\">Se pueden separar las vacas manualmente, seg\u00fan el criterio del encargado, o autom\u00e1ticamente de acuerdo a los informes. <br>La clasificaci\u00f3n autom\u00e1tica facilita y simplifica el trabajo, ahorra tiempo valioso y garantiza un ambiente tranquilo para las vacas. <br>El port\u00f3n de clasificaci\u00f3n identifica las vacas que lo atraviesan mediante las unidades de identificaci\u00f3n SCR, y las clasifica seg\u00fan fueron designadas para su separaci\u00f3n. <br>Las decisiones m\u00e1s comunes del port\u00f3n de clasificaci\u00f3n incluyen la separaci\u00f3n de vacas para inseminaci\u00f3n artificial, ex\u00e1menes veterinarios o para cambios de grupo.<\/p><\/div><\/div>\n\n\n\n<p><\/p>\n","protected":false},"excerpt":{"rendered":"","protected":false},"author":1,"featured_media":0,"parent":60,"menu_order":0,"comment_status":"closed","ping_status":"closed","template":"","meta":{"footnotes":""},"class_list":["post-326","page","type-page","status-publish","hentry"],"_links":{"self":[{"href":"https:\/\/animaltech.com.uy\/sitio\/wp-json\/wp\/v2\/pages\/326","targetHints":{"allow":["GET"]}}],"collection":[{"href":"https:\/\/animaltech.com.uy\/sitio\/wp-json\/wp\/v2\/pages"}],"about":[{"href":"https:\/\/animaltech.com.uy\/sitio\/wp-json\/wp\/v2\/types\/page"}],"author":[{"embeddable":true,"href":"https:\/\/animaltech.com.uy\/sitio\/wp-json\/wp\/v2\/users\/1"}],"replies":[{"embeddable":true,"href":"https:\/\/animaltech.com.uy\/sitio\/wp-json\/wp\/v2\/comments?post=326"}],"version-history":[{"count":7,"href":"https:\/\/animaltech.com.uy\/sitio\/wp-json\/wp\/v2\/pages\/326\/revisions"}],"predecessor-version":[{"id":556,"href":"https:\/\/animaltech.com.uy\/sitio\/wp-json\/wp\/v2\/pages\/326\/revisions\/556"}],"up":[{"embeddable":true,"href":"https:\/\/animaltech.com.uy\/sitio\/wp-json\/wp\/v2\/pages\/60"}],"wp:attachment":[{"href":"https:\/\/animaltech.com.uy\/sitio\/wp-json\/wp\/v2\/media?parent=326"}],"curies":[{"name":"wp","href":"https:\/\/api.w.org\/{rel}","templated":true}]}}