{"id":324,"date":"2022-04-21T00:05:39","date_gmt":"2022-04-21T00:05:39","guid":{"rendered":"https:\/\/animaltech.com.uy\/sitio\/?page_id=324"},"modified":"2022-05-25T14:00:44","modified_gmt":"2022-05-25T14:00:44","slug":"sistema-de-monitoreo","status":"publish","type":"page","link":"https:\/\/animaltech.com.uy\/sitio\/soluciones\/sistema-de-monitoreo\/","title":{"rendered":"Sistema de Monitoreo"},"content":{"rendered":"\n<section id=\"gmef8d535\" class=\"wp-block-gutentor-m2 section-gmef8d535 gutentor-module gutentor-dynamic-columns gutentor-bshape-fv g-pos-r-desktop g-pos-r-tablet g-pos-r-mobile g-pos-custom-desktop g-pos-custom-tablet g-pos-custom-mobile gutentor-equal-column-height\"><div class=\"grid-container\"><div class=\"grid-row\">\n<div id=\"col-gma7f4ad\" class=\"wp-block-gutentor-m2-col col-gma7f4ad gutentor-module gutentor-dynamic-single-column grid-lg-6 grid-md-6 grid-12\"><div id=\"section-gma7f4ad\" class=\"section-gma7f4ad gutentor-single-col has-image-bg has-custom-bg\">\n<div id=\"section-g5a84c8\" class=\"wp-block-gutentor-e6 section-g5a84c8 gutentor-element gutentor-element-image g-pos-d-desktop g-pos-d-tablet g-pos-d-mobile text-align-center-desktop\"><div class=\"gutentor-element-image-box\"><div class=\"gutentor-image-thumb\"><img decoding=\"async\" class=\"normal-image\" src=\"https:\/\/animaltech.com.uy\/sitio\/wp-content\/uploads\/2022\/05\/sensehub2.jpg\"\/><\/div><\/div><\/div>\n<\/div><\/div>\n\n\n\n<div id=\"col-gmd1fb43\" class=\"wp-block-gutentor-m2-col col-gmd1fb43 gutentor-module gutentor-dynamic-single-column grid-lg-6 grid-md-6 grid-12\"><div id=\"section-gmd1fb43\" class=\"section-gmd1fb43 gutentor-single-col\">\n<div id=\"section-g70d398\" class=\"wp-block-gutentor-e1 section-g70d398 gutentor-element gutentor-element-advanced-text gutentor-width-enabled enable-title-design text-align-left-desktop text-align-left-tablet text-align-left-mobile\"><div class=\"gutentor-text-wrap divider-left\"><div class=\"gutentor-separator gutentor-separator-before border-solid\"><\/div><span class=\"gutentor-text\">Sistema de Monitoreo<\/span><\/div><\/div>\n\n\n\n<div id=\"section-gc6363f\" class=\"wp-block-gutentor-e1 section-gc6363f gutentor-element gutentor-element-advanced-text text-align-left-desktop text-align-left-tablet text-align-left-mobile\"><div class=\"gutentor-text-wrap\"><p class=\"gutentor-text\"><br>Con SenseHub Dairy, los productores lecheros, pueden tomar decisiones basadas en datos para maximizar la productividad.<br><br>Las soluciones de Allflex Livestock Intelligence recopilan y analizan datos individuales de cada animal, suministrando informaciones sobre la salud, la nutrici\u00f3n y la reproducci\u00f3n 24 horas por d\u00eda. <br>Con el monitoreo, los productores pueden aumentar su productividad, mejorar el bienestar de los animales y aumentar la prosperidad de sus negocios.<br><\/p><\/div><\/div>\n<\/div><\/div>\n<\/div><\/div><\/section>\n\n\n\n<div class=\"wp-block-columns is-layout-flex wp-container-core-columns-is-layout-9d6595d7 wp-block-columns-is-layout-flex\">\n<div class=\"wp-block-column is-layout-flow wp-block-column-is-layout-flow\">\n<div id=\"section-g01d00c\" class=\"wp-block-gutentor-e1 section-g01d00c gutentor-element gutentor-element-advanced-text text-align-center-desktop\"><div class=\"gutentor-text-wrap\"><p class=\"gutentor-text\"><strong>M\u00e1s de 40 a\u00f1os de experiencia e innovaci\u00f3n<\/strong><\/p><\/div><\/div>\n\n\n\n<div class=\"wp-block-columns is-layout-flex wp-container-core-columns-is-layout-9d6595d7 wp-block-columns-is-layout-flex\">\n<div class=\"wp-block-column is-layout-flow wp-block-column-is-layout-flow\">\n<div id=\"section-gd6cd0a\" class=\"wp-block-gutentor-e1 section-gd6cd0a gutentor-element gutentor-element-advanced-text text-align-left-desktop\"><div class=\"gutentor-text-wrap\"><p class=\"gutentor-text\">Basadas en m\u00e1s de 40 a\u00f1os de experiencia e innovaci\u00f3n, nuestras soluciones de monitoreo de ganado l\u00edderes en el mercado aprovechan tecnolog\u00edas innovadoras comprobadas y un profundo conocimiento de la industria, y est\u00e1n respaldadas por validaci\u00f3n acad\u00e9mica. Responden a los desaf\u00edos m\u00e1s apremiantes de los productores en torno a la mejora de la productividad, brindando informaci\u00f3n procesable y conocimientos cu\u00e1ndo y d\u00f3nde los agricultores los necesitan. F\u00e1ciles de usar, escalables y modulares, nuestros sistemas est\u00e1n dise\u00f1ados para adaptarse y crecer a medida que cambian las necesidades de los agricultores.<br>Disponibles en todo el mundo y adecuadas para granjas de casi cualquier tama\u00f1o, las soluciones de monitoreo de Allflex Livestock Intelligence abarcan una amplia gama de soluciones para monitorear vacas lecheras, novillas y terneros, y ganado de carne.<\/p><\/div><\/div>\n<\/div>\n<\/div>\n<\/div>\n<\/div>\n\n\n\n<div class=\"wp-block-columns is-layout-flex wp-container-core-columns-is-layout-9d6595d7 wp-block-columns-is-layout-flex\">\n<div class=\"wp-block-column is-layout-flow wp-block-column-is-layout-flow\">\n<div id=\"section-g8e0b0d\" class=\"wp-block-gutentor-e1 section-g8e0b0d gutentor-element gutentor-element-advanced-text text-align-center-desktop text-align-center-mobile\"><div class=\"gutentor-text-wrap\"><p class=\"gutentor-text\"><img loading=\"lazy\" decoding=\"async\" width=\"125\" height=\"125\" class=\"wp-image-391\" style=\"width: 125px;\" src=\"https:\/\/animaltech.com.uy\/sitio\/wp-content\/uploads\/2022\/05\/monitoreo_de_reproduccion.jpg\" alt=\"\"><br><strong>Monitoreo de reproducci\u00f3n<\/strong><br>Las aplicaciones de monitoreo de reproducci\u00f3n de Allflex Livestock Intelligence permiten a los productores de carne y leche optimizar las tasas de concepci\u00f3n, al tiempo que reducen el uso de hormonas, el trabajo y el tiempo.&nbsp;<br>Aprovechando el monitoreo del comportamiento basado en la actividad, la rumia, la alimentaci\u00f3n y otros comportamientos patentados clave de las vacas, nuestras aplicaciones brindan una precisi\u00f3n de detecci\u00f3n de celo inigualable, brindando informaci\u00f3n procesable en tiempo real, con una gu\u00eda precisa de tiempo de inseminaci\u00f3n.<\/p><\/div><\/div>\n<\/div>\n\n\n\n<div class=\"wp-block-column is-layout-flow wp-block-column-is-layout-flow\">\n<div id=\"section-g3bcf70\" class=\"wp-block-gutentor-e1 section-g3bcf70 gutentor-element gutentor-element-advanced-text text-align-center-desktop text-align-center-mobile\"><div class=\"gutentor-text-wrap\"><p class=\"gutentor-text\"><img loading=\"lazy\" decoding=\"async\" width=\"125\" height=\"125\" class=\"wp-image-392\" style=\"width: 125px;\" src=\"https:\/\/animaltech.com.uy\/sitio\/wp-content\/uploads\/2022\/05\/vigilancia_de_la_salud.jpg\" alt=\"\"><br><strong>Vigilancia de la salud<\/strong><br>Las aplicaciones de monitoreo de salud de Allflex Livestock Intelligence permiten a los productores de carne y leche detectar problemas de salud en vacas individuales desde el principio y evaluar r\u00e1pidamente la respuesta a los tratamientos veterinarios.&nbsp;<br>Esto permite tomar decisiones informadas y oportunas con respecto a la intervenci\u00f3n y el tratamiento, lo que ayuda a evitar el deterioro, reduce los costos del tratamiento y reduce o previene el impacto en la producci\u00f3n de leche y la mortalidad.<\/p><\/div><\/div>\n<\/div>\n\n\n\n<div class=\"wp-block-column is-layout-flow wp-block-column-is-layout-flow\">\n<div id=\"section-g022827\" class=\"wp-block-gutentor-e1 section-g022827 gutentor-element gutentor-element-advanced-text text-align-center-desktop text-align-center-mobile\"><div class=\"gutentor-text-wrap\"><p class=\"gutentor-text\"><img loading=\"lazy\" decoding=\"async\" width=\"125\" height=\"125\" class=\"wp-image-393\" style=\"width: 125px;\" src=\"https:\/\/animaltech.com.uy\/sitio\/wp-content\/uploads\/2022\/05\/seguimiento_nutricional.jpg\" alt=\"\"><br><strong>Seguimiento Nutricional<\/strong><br>Las aplicaciones de monitoreo grupal de Allflex Livestock Intelligence brindan a los ganaderos de carne y leche una visi\u00f3n oportuna y procesable que permite una toma de decisiones optimizada para la salud, el bienestar y la productividad de todo el reba\u00f1o.&nbsp;<br>Los informes variados que revelan las tendencias dentro de los grupos permiten a los agricultores tomar decisiones oportunas relacionadas con el bienestar, la nutrici\u00f3n, la reducci\u00f3n del calor y otras estrategias de gesti\u00f3n agr\u00edcola.<br><\/p><\/div><\/div>\n<\/div>\n<\/div>\n\n\n\n<div class=\"wp-block-columns is-layout-flex wp-container-core-columns-is-layout-9d6595d7 wp-block-columns-is-layout-flex\">\n<div class=\"wp-block-column is-layout-flow wp-block-column-is-layout-flow\">\n<div id=\"section-g61245a\" class=\"wp-block-gutentor-e1 section-g61245a gutentor-element gutentor-element-advanced-text text-align-center-desktop text-align-center-mobile\"><div class=\"gutentor-text-wrap\"><p class=\"gutentor-text\"><img loading=\"lazy\" decoding=\"async\" width=\"250\" height=\"237\" class=\"wp-image-396\" style=\"width: 250px;\" src=\"https:\/\/animaltech.com.uy\/sitio\/wp-content\/uploads\/2022\/05\/sistema_de_monitoreo01.png\" alt=\"\"><br><br><strong>SenseHub\u2122 Dairy<\/strong><br>Informaci\u00f3n procesable sobre el estado reproductivo, de salud, nutricional y de bienestar de sus vacas y grupos.<\/p><\/div><\/div>\n\n\n\n<div id=\"section-g83c576\" class=\"wp-block-gutentor-e2 section-g83c576 gutentor-element gutentor-element-button button-align-center-desktop button-align-center-mobile\"><span class=\"gutentor-button-wrap\"><a class=\"gutentor-button gutentor-block-button gutentor-icon-hide\" href=\"https:\/\/animaltech.com.uy\/sitio\/soluciones\/sistema-de-monitoreo\/sensehub-dairy\/\"><i class=\"gutentor-button-icon fas fa-book\"><\/i><span>Leer m\u00e1s<\/span><\/a><\/span><\/div>\n<\/div>\n\n\n\n<div class=\"wp-block-column is-layout-flow wp-block-column-is-layout-flow\">\n<div id=\"section-g7c8487\" class=\"wp-block-gutentor-e1 section-g7c8487 gutentor-element gutentor-element-advanced-text text-align-center-desktop text-align-center-mobile\"><div class=\"gutentor-text-wrap\"><p class=\"gutentor-text\"><img loading=\"lazy\" decoding=\"async\" width=\"250\" height=\"236\" class=\"wp-image-397\" style=\"width: 250px;\" src=\"https:\/\/animaltech.com.uy\/sitio\/wp-content\/uploads\/2022\/05\/sistema_de_monitoreo02.png\" alt=\"\"><br><br><strong>SenseHub\u2122 Beef<\/strong><br>Una nueva forma de usar el monitoreo avanzado para mejorar la productividad y la eficiencia de sus operaciones de carne.<\/p><\/div><\/div>\n\n\n\n<div id=\"section-g94e971\" class=\"wp-block-gutentor-e2 section-g94e971 gutentor-element gutentor-element-button button-align-center-desktop button-align-center-mobile\"><span class=\"gutentor-button-wrap\"><a class=\"gutentor-button gutentor-block-button gutentor-icon-hide\" href=\"https:\/\/animaltech.com.uy\/sitio\/soluciones\/sistema-de-monitoreo\/sensehub-beef\/\"><i class=\"gutentor-button-icon fas fa-book\"><\/i><span>Leer m\u00e1s<\/span><\/a><\/span><\/div>\n<\/div>\n\n\n\n<div class=\"wp-block-column is-layout-flow wp-block-column-is-layout-flow\">\n<div id=\"section-g397970\" class=\"wp-block-gutentor-e1 section-g397970 gutentor-element gutentor-element-advanced-text text-align-center-desktop text-align-center-mobile\"><div class=\"gutentor-text-wrap\"><p class=\"gutentor-text\"><img loading=\"lazy\" decoding=\"async\" width=\"250\" height=\"237\" class=\"wp-image-398\" style=\"width: 250px;\" src=\"https:\/\/animaltech.com.uy\/sitio\/wp-content\/uploads\/2022\/05\/sistema_de_monitoreo03.png\" alt=\"\"><br><br><strong>Heatime\u00ae Pro+<\/strong><br>Un sistema basado en PC poderoso, pero f\u00e1cil de usar, para el monitoreo avanzado de grandes reba\u00f1os lecheros.<\/p><\/div><\/div>\n\n\n\n<div id=\"section-gc189fc\" class=\"wp-block-gutentor-e2 section-gc189fc gutentor-element gutentor-element-button button-align-center-desktop button-align-center-mobile\"><span class=\"gutentor-button-wrap\"><a class=\"gutentor-button gutentor-block-button gutentor-icon-hide\" href=\"https:\/\/animaltech.com.uy\/sitio\/soluciones\/sistema-de-monitoreo\/heatime-pro\/\"><i class=\"gutentor-button-icon fas fa-book\"><\/i><span>Leer m\u00e1s<\/span><\/a><\/span><\/div>\n<\/div>\n<\/div>\n\n\n\n<p><\/p>\n","protected":false},"excerpt":{"rendered":"","protected":false},"author":1,"featured_media":0,"parent":60,"menu_order":0,"comment_status":"closed","ping_status":"closed","template":"","meta":{"footnotes":""},"class_list":["post-324","page","type-page","status-publish","hentry"],"_links":{"self":[{"href":"https:\/\/animaltech.com.uy\/sitio\/wp-json\/wp\/v2\/pages\/324","targetHints":{"allow":["GET"]}}],"collection":[{"href":"https:\/\/animaltech.com.uy\/sitio\/wp-json\/wp\/v2\/pages"}],"about":[{"href":"https:\/\/animaltech.com.uy\/sitio\/wp-json\/wp\/v2\/types\/page"}],"author":[{"embeddable":true,"href":"https:\/\/animaltech.com.uy\/sitio\/wp-json\/wp\/v2\/users\/1"}],"replies":[{"embeddable":true,"href":"https:\/\/animaltech.com.uy\/sitio\/wp-json\/wp\/v2\/comments?post=324"}],"version-history":[{"count":36,"href":"https:\/\/animaltech.com.uy\/sitio\/wp-json\/wp\/v2\/pages\/324\/revisions"}],"predecessor-version":[{"id":555,"href":"https:\/\/animaltech.com.uy\/sitio\/wp-json\/wp\/v2\/pages\/324\/revisions\/555"}],"up":[{"embeddable":true,"href":"https:\/\/animaltech.com.uy\/sitio\/wp-json\/wp\/v2\/pages\/60"}],"wp:attachment":[{"href":"https:\/\/animaltech.com.uy\/sitio\/wp-json\/wp\/v2\/media?parent=324"}],"curies":[{"name":"wp","href":"https:\/\/api.w.org\/{rel}","templated":true}]}}